{"id":16,"date":"2019-04-01T09:10:13","date_gmt":"2019-04-01T09:10:13","guid":{"rendered":"http:\/\/mariacuadradodental.com\/?page_id=16"},"modified":"2025-08-31T17:13:26","modified_gmt":"2025-08-31T17:13:26","slug":"implantes-2","status":"publish","type":"page","link":"https:\/\/mariacuadradodental.com\/en\/implantes-2\/","title":{"rendered":"Implants"},"content":{"rendered":"<div data-elementor-type=\"wp-post\" data-elementor-id=\"16\" class=\"elementor elementor-16\">\n\t\t\t\t\t\t<section class=\"elementor-section elementor-top-section elementor-element elementor-element-ede7e10 elementor-section-boxed elementor-section-height-default elementor-section-height-default\" data-id=\"ede7e10\" data-element_type=\"section\" data-e-type=\"section\">\n\t\t\t\t\t\t<div class=\"elementor-container elementor-column-gap-default\">\n\t\t\t\t\t<div class=\"elementor-column elementor-col-100 elementor-top-column elementor-element elementor-element-42814e6\" data-id=\"42814e6\" data-element_type=\"column\" data-e-type=\"column\">\n\t\t\t<div class=\"elementor-widget-wrap elementor-element-populated\">\n\t\t\t\t\t\t<div class=\"elementor-element elementor-element-15efcd7 elementor-widget elementor-widget-spacer\" data-id=\"15efcd7\" data-element_type=\"widget\" data-e-type=\"widget\" data-widget_type=\"spacer.default\">\n\t\t\t\t<div class=\"elementor-widget-container\">\n\t\t\t\t\t\t\t<div class=\"elementor-spacer\">\n\t\t\t<div class=\"elementor-spacer-inner\"><\/div>\n\t\t<\/div>\n\t\t\t\t\t\t<\/div>\n\t\t\t\t<\/div>\n\t\t\t\t\t<\/div>\n\t\t<\/div>\n\t\t\t\t\t<\/div>\n\t\t<\/section>\n\t\t\t\t<section class=\"elementor-section elementor-top-section elementor-element elementor-element-1040005 elementor-section-boxed elementor-section-height-default elementor-section-height-default\" data-id=\"1040005\" data-element_type=\"section\" data-e-type=\"section\">\n\t\t\t\t\t\t<div class=\"elementor-container elementor-column-gap-default\">\n\t\t\t\t\t<div class=\"elementor-column elementor-col-50 elementor-top-column elementor-element elementor-element-5a5e446\" data-id=\"5a5e446\" data-element_type=\"column\" data-e-type=\"column\">\n\t\t\t<div class=\"elementor-widget-wrap elementor-element-populated\">\n\t\t\t\t\t\t<div class=\"elementor-element elementor-element-ffbb676 elementor-widget elementor-widget-text-editor\" data-id=\"ffbb676\" data-element_type=\"widget\" data-e-type=\"widget\" data-widget_type=\"text-editor.default\">\n\t\t\t\t<div class=\"elementor-widget-container\">\n\t\t\t\t\t\t\t\t\t<h2 style=\"text-align: justify;\">Implant treatments<\/h2><p style=\"text-align: justify;\">We specialize in implant treatments. We have extensive experience providing state-of-the-art solutions in implantology.<\/p><p style=\"text-align: justify;\">Para llevar a cabo el tratamiento de implantes, realizaremos un an\u00e1lisis y diagn\u00f3stico preciso con el fin de poder plantearte la mejor soluci\u00f3n para t\u00ed. Posteriormente realizaremos la colocaci\u00f3n de las nuevas piezas dentales de forma r\u00e1pida y segura.<\/p><p style=\"text-align: justify;\">We believe that the best way for the implant to adapt properly is thorough clinical follow-up after the treatment.\u00a0<\/p><p style=\"text-align: justify;\">Get in touch with us to tell us about your case. We will be delighted to assist you.<\/p>\t\t\t\t\t\t\t\t<\/div>\n\t\t\t\t<\/div>\n\t\t\t\t\t<\/div>\n\t\t<\/div>\n\t\t\t\t<div class=\"elementor-column elementor-col-50 elementor-top-column elementor-element elementor-element-a63f040\" data-id=\"a63f040\" data-element_type=\"column\" data-e-type=\"column\">\n\t\t\t<div class=\"elementor-widget-wrap elementor-element-populated\">\n\t\t\t\t\t\t<div class=\"elementor-element elementor-element-b19137b elementor-widget elementor-widget-image\" data-id=\"b19137b\" data-element_type=\"widget\" data-e-type=\"widget\" data-widget_type=\"image.default\">\n\t\t\t\t<div class=\"elementor-widget-container\">\n\t\t\t\t\t\t\t\t\t\t\t\t\t\t\t<img fetchpriority=\"high\" decoding=\"async\" width=\"640\" height=\"427\" src=\"https:\/\/mariacuadradodental.com\/wp-content\/uploads\/2019\/05\/all-on-four-algorfa-benijofar-alicante-ciudad-quesada-almoradi.jpg\" class=\"attachment-large size-large wp-image-141\" alt=\"\" srcset=\"https:\/\/mariacuadradodental.com\/wp-content\/uploads\/2019\/05\/all-on-four-algorfa-benijofar-alicante-ciudad-quesada-almoradi.jpg 640w, https:\/\/mariacuadradodental.com\/wp-content\/uploads\/2019\/05\/all-on-four-algorfa-benijofar-alicante-ciudad-quesada-almoradi-300x200.jpg 300w\" sizes=\"(max-width: 640px) 100vw, 640px\" \/>\t\t\t\t\t\t\t\t\t\t\t\t\t\t\t<\/div>\n\t\t\t\t<\/div>\n\t\t\t\t\t<\/div>\n\t\t<\/div>\n\t\t\t\t\t<\/div>\n\t\t<\/section>\n\t\t\t\t<section class=\"elementor-section elementor-top-section elementor-element elementor-element-4e44eca elementor-section-boxed elementor-section-height-default elementor-section-height-default\" data-id=\"4e44eca\" data-element_type=\"section\" data-e-type=\"section\">\n\t\t\t\t\t\t<div class=\"elementor-container elementor-column-gap-default\">\n\t\t\t\t\t<div class=\"elementor-column elementor-col-100 elementor-top-column elementor-element elementor-element-04cf3ce\" data-id=\"04cf3ce\" data-element_type=\"column\" data-e-type=\"column\">\n\t\t\t<div class=\"elementor-widget-wrap elementor-element-populated\">\n\t\t\t\t\t\t<div class=\"elementor-element elementor-element-70a7e87 elementor-widget elementor-widget-spacer\" data-id=\"70a7e87\" data-element_type=\"widget\" data-e-type=\"widget\" data-widget_type=\"spacer.default\">\n\t\t\t\t<div class=\"elementor-widget-container\">\n\t\t\t\t\t\t\t<div class=\"elementor-spacer\">\n\t\t\t<div class=\"elementor-spacer-inner\"><\/div>\n\t\t<\/div>\n\t\t\t\t\t\t<\/div>\n\t\t\t\t<\/div>\n\t\t\t\t\t<\/div>\n\t\t<\/div>\n\t\t\t\t\t<\/div>\n\t\t<\/section>\n\t\t\t\t<section class=\"elementor-section elementor-top-section elementor-element elementor-element-485fd5c elementor-section-boxed elementor-section-height-default elementor-section-height-default\" data-id=\"485fd5c\" data-element_type=\"section\" data-e-type=\"section\">\n\t\t\t\t\t\t<div class=\"elementor-container elementor-column-gap-default\">\n\t\t\t\t\t<div class=\"elementor-column elementor-col-50 elementor-top-column elementor-element elementor-element-2031261\" data-id=\"2031261\" data-element_type=\"column\" data-e-type=\"column\">\n\t\t\t<div class=\"elementor-widget-wrap elementor-element-populated\">\n\t\t\t\t\t\t<div class=\"elementor-element elementor-element-03fd073 elementor-widget elementor-widget-video\" data-id=\"03fd073\" data-element_type=\"widget\" data-e-type=\"widget\" data-settings=\"{&quot;youtube_url&quot;:&quot;https:\\\/\\\/youtu.be\\\/nwNqUsEtyf8&quot;,&quot;video_type&quot;:&quot;youtube&quot;,&quot;controls&quot;:&quot;yes&quot;}\" data-widget_type=\"video.default\">\n\t\t\t\t<div class=\"elementor-widget-container\">\n\t\t\t\t\t\t\t<div class=\"elementor-wrapper elementor-open-inline\">\n\t\t\t<div class=\"elementor-video\"><\/div>\t\t<\/div>\n\t\t\t\t\t\t<\/div>\n\t\t\t\t<\/div>\n\t\t\t\t\t<\/div>\n\t\t<\/div>\n\t\t\t\t<div class=\"elementor-column elementor-col-50 elementor-top-column elementor-element elementor-element-fb10ae9\" data-id=\"fb10ae9\" data-element_type=\"column\" data-e-type=\"column\">\n\t\t\t<div class=\"elementor-widget-wrap elementor-element-populated\">\n\t\t\t\t\t\t<div class=\"elementor-element elementor-element-95af6ff elementor-widget elementor-widget-text-editor\" data-id=\"95af6ff\" data-element_type=\"widget\" data-e-type=\"widget\" data-widget_type=\"text-editor.default\">\n\t\t\t\t<div class=\"elementor-widget-container\">\n\t\t\t\t\t\t\t\t\t<h2>All-on-Four. Teeth in 24h.<\/h2><p style=\"text-align: justify;\">At Mar\u00eda Cuadrado Dental Clinic, we offer our patients the All-on-Four treatment, which allows them to have a new set of teeth in just one day.\u00a0<\/p><p>With this innovative method, you will get new teeth with just 4 implants.<\/p><ul><li><strong>Full denture restoration with just four implants<\/strong> <br \/>Two straight implants in the front and two tilted up to 45\u00ba in the back.<\/li><li><strong>Immediate function<\/strong><br \/>For patients who meet the requirements for immediate-load implants.<\/li><\/ul>\t\t\t\t\t\t\t\t<\/div>\n\t\t\t\t<\/div>\n\t\t\t\t\t<\/div>\n\t\t<\/div>\n\t\t\t\t\t<\/div>\n\t\t<\/section>\n\t\t\t\t<section class=\"elementor-section elementor-top-section elementor-element elementor-element-199ac95 elementor-section-boxed elementor-section-height-default elementor-section-height-default\" data-id=\"199ac95\" data-element_type=\"section\" data-e-type=\"section\">\n\t\t\t\t\t\t<div class=\"elementor-container elementor-column-gap-default\">\n\t\t\t\t\t<div class=\"elementor-column elementor-col-100 elementor-top-column elementor-element elementor-element-20abbdf\" data-id=\"20abbdf\" data-element_type=\"column\" data-e-type=\"column\">\n\t\t\t<div class=\"elementor-widget-wrap elementor-element-populated\">\n\t\t\t\t\t\t<div class=\"elementor-element elementor-element-fbfd365 elementor-widget-divider--view-line elementor-widget elementor-widget-divider\" data-id=\"fbfd365\" data-element_type=\"widget\" data-e-type=\"widget\" data-widget_type=\"divider.default\">\n\t\t\t\t<div class=\"elementor-widget-container\">\n\t\t\t\t\t\t\t<div class=\"elementor-divider\">\n\t\t\t<span class=\"elementor-divider-separator\">\n\t\t\t\t\t\t<\/span>\n\t\t<\/div>\n\t\t\t\t\t\t<\/div>\n\t\t\t\t<\/div>\n\t\t\t\t<div class=\"elementor-element elementor-element-8ad545e elementor-widget elementor-widget-text-editor\" data-id=\"8ad545e\" data-element_type=\"widget\" data-e-type=\"widget\" data-widget_type=\"text-editor.default\">\n\t\t\t\t<div class=\"elementor-widget-container\">\n\t\t\t\t\t\t\t\t\t<h2 style=\"text-align: center;\">Request information with no obligation<\/h2><h1 style=\"text-align: center;\"><strong>966 78 36 45<\/strong><\/h1><p>\u00a0<\/p>\t\t\t\t\t\t\t\t<\/div>\n\t\t\t\t<\/div>\n\t\t\t\t\t<\/div>\n\t\t<\/div>\n\t\t\t\t\t<\/div>\n\t\t<\/section>\n\t\t\t\t<section class=\"elementor-section elementor-top-section elementor-element elementor-element-e63116a elementor-section-boxed elementor-section-height-default elementor-section-height-default\" data-id=\"e63116a\" data-element_type=\"section\" data-e-type=\"section\">\n\t\t\t\t\t\t<div class=\"elementor-container elementor-column-gap-default\">\n\t\t\t\t\t<div class=\"elementor-column elementor-col-33 elementor-top-column elementor-element elementor-element-d96a96f\" data-id=\"d96a96f\" data-element_type=\"column\" data-e-type=\"column\">\n\t\t\t<div class=\"elementor-widget-wrap elementor-element-populated\">\n\t\t\t\t\t\t<div class=\"elementor-element elementor-element-d0739fd elementor-widget elementor-widget-image\" data-id=\"d0739fd\" data-element_type=\"widget\" data-e-type=\"widget\" data-widget_type=\"image.default\">\n\t\t\t\t<div class=\"elementor-widget-container\">\n\t\t\t\t\t\t\t\t\t\t\t\t\t\t\t<img decoding=\"async\" width=\"1000\" height=\"665\" src=\"https:\/\/mariacuadradodental.com\/wp-content\/uploads\/2019\/05\/clinica_denta_algorfa-maria-cuadrado-dentista-amoradi-ciudad-quesada-rojales-vega-baja_odonthlogy-20.jpg\" class=\"attachment-large size-large wp-image-113\" alt=\"\" srcset=\"https:\/\/mariacuadradodental.com\/wp-content\/uploads\/2019\/05\/clinica_denta_algorfa-maria-cuadrado-dentista-amoradi-ciudad-quesada-rojales-vega-baja_odonthlogy-20.jpg 1000w, https:\/\/mariacuadradodental.com\/wp-content\/uploads\/2019\/05\/clinica_denta_algorfa-maria-cuadrado-dentista-amoradi-ciudad-quesada-rojales-vega-baja_odonthlogy-20-300x200.jpg 300w, https:\/\/mariacuadradodental.com\/wp-content\/uploads\/2019\/05\/clinica_denta_algorfa-maria-cuadrado-dentista-amoradi-ciudad-quesada-rojales-vega-baja_odonthlogy-20-768x511.jpg 768w\" sizes=\"(max-width: 1000px) 100vw, 1000px\" \/>\t\t\t\t\t\t\t\t\t\t\t\t\t\t\t<\/div>\n\t\t\t\t<\/div>\n\t\t\t\t\t<\/div>\n\t\t<\/div>\n\t\t\t\t<div class=\"elementor-column elementor-col-33 elementor-top-column elementor-element elementor-element-93b0f53\" data-id=\"93b0f53\" data-element_type=\"column\" data-e-type=\"column\">\n\t\t\t<div class=\"elementor-widget-wrap elementor-element-populated\">\n\t\t\t\t\t\t<div class=\"elementor-element elementor-element-9176ca3 elementor-widget elementor-widget-image\" data-id=\"9176ca3\" data-element_type=\"widget\" data-e-type=\"widget\" data-widget_type=\"image.default\">\n\t\t\t\t<div class=\"elementor-widget-container\">\n\t\t\t\t\t\t\t\t\t\t\t\t\t\t\t<img decoding=\"async\" width=\"1000\" height=\"665\" src=\"https:\/\/mariacuadradodental.com\/wp-content\/uploads\/2019\/05\/clinica_denta_algorfa-maria-cuadrado-dentista-amoradi-ciudad-quesada-rojales-vega-baja_odonthlogy-15.jpg\" class=\"attachment-large size-large wp-image-110\" alt=\"\" srcset=\"https:\/\/mariacuadradodental.com\/wp-content\/uploads\/2019\/05\/clinica_denta_algorfa-maria-cuadrado-dentista-amoradi-ciudad-quesada-rojales-vega-baja_odonthlogy-15.jpg 1000w, https:\/\/mariacuadradodental.com\/wp-content\/uploads\/2019\/05\/clinica_denta_algorfa-maria-cuadrado-dentista-amoradi-ciudad-quesada-rojales-vega-baja_odonthlogy-15-300x200.jpg 300w, https:\/\/mariacuadradodental.com\/wp-content\/uploads\/2019\/05\/clinica_denta_algorfa-maria-cuadrado-dentista-amoradi-ciudad-quesada-rojales-vega-baja_odonthlogy-15-768x511.jpg 768w\" sizes=\"(max-width: 1000px) 100vw, 1000px\" \/>\t\t\t\t\t\t\t\t\t\t\t\t\t\t\t<\/div>\n\t\t\t\t<\/div>\n\t\t\t\t\t<\/div>\n\t\t<\/div>\n\t\t\t\t<div class=\"elementor-column elementor-col-33 elementor-top-column elementor-element elementor-element-4af5e39\" data-id=\"4af5e39\" data-element_type=\"column\" data-e-type=\"column\">\n\t\t\t<div class=\"elementor-widget-wrap elementor-element-populated\">\n\t\t\t\t\t\t<div class=\"elementor-element elementor-element-0335f4b elementor-widget elementor-widget-image\" data-id=\"0335f4b\" data-element_type=\"widget\" data-e-type=\"widget\" data-widget_type=\"image.default\">\n\t\t\t\t<div class=\"elementor-widget-container\">\n\t\t\t\t\t\t\t\t\t\t\t\t\t\t\t<img loading=\"lazy\" decoding=\"async\" width=\"1000\" height=\"665\" src=\"https:\/\/mariacuadradodental.com\/wp-content\/uploads\/2019\/05\/clinica_denta_algorfa-maria-cuadrado-dentista-amoradi-ciudad-quesada-rojales-vega-baja_odonthlogy-7.jpg\" class=\"attachment-large size-large wp-image-103\" alt=\"\" srcset=\"https:\/\/mariacuadradodental.com\/wp-content\/uploads\/2019\/05\/clinica_denta_algorfa-maria-cuadrado-dentista-amoradi-ciudad-quesada-rojales-vega-baja_odonthlogy-7.jpg 1000w, https:\/\/mariacuadradodental.com\/wp-content\/uploads\/2019\/05\/clinica_denta_algorfa-maria-cuadrado-dentista-amoradi-ciudad-quesada-rojales-vega-baja_odonthlogy-7-300x200.jpg 300w, https:\/\/mariacuadradodental.com\/wp-content\/uploads\/2019\/05\/clinica_denta_algorfa-maria-cuadrado-dentista-amoradi-ciudad-quesada-rojales-vega-baja_odonthlogy-7-768x511.jpg 768w\" sizes=\"(max-width: 1000px) 100vw, 1000px\" \/>\t\t\t\t\t\t\t\t\t\t\t\t\t\t\t<\/div>\n\t\t\t\t<\/div>\n\t\t\t\t\t<\/div>\n\t\t<\/div>\n\t\t\t\t\t<\/div>\n\t\t<\/section>\n\t\t\t\t<\/div>","protected":false},"excerpt":{"rendered":"<p>Tratamiento de implantes Somos especialistas en tratamientos con implantes. Contamos con una dilatada experiencia aportando soluciones de vanguardia en el tratamiento de implantolog\u00eda. Para llevar a cabo el tratamiento de implantes, realizaremos un an\u00e1lisis y diagn\u00f3stico preciso con el fin de poder plantearte la mejor soluci\u00f3n para t\u00ed. Posteriormente realizaremos la colocaci\u00f3n de las nuevas &#8230; <a title=\"Implants\" class=\"read-more\" href=\"https:\/\/mariacuadradodental.com\/en\/implantes-2\/\" aria-label=\"Read more about Implantes\">Read more<\/a><\/p>","protected":false},"author":1,"featured_media":0,"parent":0,"menu_order":0,"comment_status":"closed","ping_status":"closed","template":"","meta":{"footnotes":""},"class_list":["post-16","page","type-page","status-publish"],"yoast_head":"<!-- This site is optimized with the Yoast SEO plugin v27.3 - https:\/\/yoast.com\/product\/yoast-seo-wordpress\/ -->\n<title>Implantes | Mar\u00eda Cuadrado<\/title>\n<meta name=\"robots\" content=\"index, follow, max-snippet:-1, max-image-preview:large, max-video-preview:-1\" \/>\n<link rel=\"canonical\" href=\"https:\/\/mariacuadradodental.com\/en\/implantes-2\/\" \/>\n<meta property=\"og:locale\" content=\"en_GB\" \/>\n<meta property=\"og:type\" content=\"article\" \/>\n<meta property=\"og:title\" content=\"Implantes | Mar\u00eda Cuadrado\" \/>\n<meta property=\"og:description\" content=\"Tratamiento de implantes Somos especialistas en tratamientos con implantes. Contamos con una dilatada experiencia aportando soluciones de vanguardia en el tratamiento de implantolog\u00eda. Para llevar a cabo el tratamiento de implantes, realizaremos un an\u00e1lisis y diagn\u00f3stico preciso con el fin de poder plantearte la mejor soluci\u00f3n para t\u00ed. Posteriormente realizaremos la colocaci\u00f3n de las nuevas ... Read more\" \/>\n<meta property=\"og:url\" content=\"https:\/\/mariacuadradodental.com\/en\/implantes-2\/\" \/>\n<meta property=\"og:site_name\" content=\"Mar\u00eda Cuadrado\" \/>\n<meta property=\"article:publisher\" content=\"https:\/\/www.facebook.com\/dentalmariacuadrado\/\" \/>\n<meta property=\"article:modified_time\" content=\"2025-08-31T17:13:26+00:00\" \/>\n<meta property=\"og:image\" content=\"https:\/\/mariacuadradodental.com\/wp-content\/uploads\/2019\/05\/all-on-four-algorfa-benijofar-alicante-ciudad-quesada-almoradi.jpg\" \/>\n\t<meta property=\"og:image:width\" content=\"640\" \/>\n\t<meta property=\"og:image:height\" content=\"427\" \/>\n\t<meta property=\"og:image:type\" content=\"image\/jpeg\" \/>\n<meta name=\"twitter:card\" content=\"summary_large_image\" \/>\n<meta name=\"twitter:label1\" content=\"Estimated reading time\" \/>\n\t<meta name=\"twitter:data1\" content=\"2 minutes\" \/>\n<script type=\"application\/ld+json\" class=\"yoast-schema-graph\">{\"@context\":\"https:\\\/\\\/schema.org\",\"@graph\":[{\"@type\":\"WebPage\",\"@id\":\"https:\\\/\\\/mariacuadradodental.com\\\/implantes-2\\\/\",\"url\":\"https:\\\/\\\/mariacuadradodental.com\\\/implantes-2\\\/\",\"name\":\"Implantes | Mar\u00eda Cuadrado\",\"isPartOf\":{\"@id\":\"https:\\\/\\\/mariacuadradodental.com\\\/#website\"},\"primaryImageOfPage\":{\"@id\":\"https:\\\/\\\/mariacuadradodental.com\\\/implantes-2\\\/#primaryimage\"},\"image\":{\"@id\":\"https:\\\/\\\/mariacuadradodental.com\\\/implantes-2\\\/#primaryimage\"},\"thumbnailUrl\":\"https:\\\/\\\/mariacuadradodental.com\\\/wp-content\\\/uploads\\\/2019\\\/05\\\/all-on-four-algorfa-benijofar-alicante-ciudad-quesada-almoradi.jpg\",\"datePublished\":\"2019-04-01T09:10:13+00:00\",\"dateModified\":\"2025-08-31T17:13:26+00:00\",\"breadcrumb\":{\"@id\":\"https:\\\/\\\/mariacuadradodental.com\\\/implantes-2\\\/#breadcrumb\"},\"inLanguage\":\"en-GB\",\"potentialAction\":[{\"@type\":\"ReadAction\",\"target\":[\"https:\\\/\\\/mariacuadradodental.com\\\/implantes-2\\\/\"]}]},{\"@type\":\"ImageObject\",\"inLanguage\":\"en-GB\",\"@id\":\"https:\\\/\\\/mariacuadradodental.com\\\/implantes-2\\\/#primaryimage\",\"url\":\"https:\\\/\\\/mariacuadradodental.com\\\/wp-content\\\/uploads\\\/2019\\\/05\\\/all-on-four-algorfa-benijofar-alicante-ciudad-quesada-almoradi.jpg\",\"contentUrl\":\"https:\\\/\\\/mariacuadradodental.com\\\/wp-content\\\/uploads\\\/2019\\\/05\\\/all-on-four-algorfa-benijofar-alicante-ciudad-quesada-almoradi.jpg\"},{\"@type\":\"BreadcrumbList\",\"@id\":\"https:\\\/\\\/mariacuadradodental.com\\\/implantes-2\\\/#breadcrumb\",\"itemListElement\":[{\"@type\":\"ListItem\",\"position\":1,\"name\":\"Portada\",\"item\":\"https:\\\/\\\/mariacuadradodental.com\\\/\"},{\"@type\":\"ListItem\",\"position\":2,\"name\":\"Implantes\"}]},{\"@type\":\"WebSite\",\"@id\":\"https:\\\/\\\/mariacuadradodental.com\\\/#website\",\"url\":\"https:\\\/\\\/mariacuadradodental.com\\\/\",\"name\":\"Mar\u00eda Cuadrado\",\"description\":\"Cl\u00ednica Dental\",\"publisher\":{\"@id\":\"https:\\\/\\\/mariacuadradodental.com\\\/#organization\"},\"potentialAction\":[{\"@type\":\"SearchAction\",\"target\":{\"@type\":\"EntryPoint\",\"urlTemplate\":\"https:\\\/\\\/mariacuadradodental.com\\\/?s={search_term_string}\"},\"query-input\":{\"@type\":\"PropertyValueSpecification\",\"valueRequired\":true,\"valueName\":\"search_term_string\"}}],\"inLanguage\":\"en-GB\"},{\"@type\":\"Organization\",\"@id\":\"https:\\\/\\\/mariacuadradodental.com\\\/#organization\",\"name\":\"Cl\u00ednica Dental Algorfa - Mar\u00eda Cuadrado\",\"url\":\"https:\\\/\\\/mariacuadradodental.com\\\/\",\"logo\":{\"@type\":\"ImageObject\",\"inLanguage\":\"en-GB\",\"@id\":\"https:\\\/\\\/mariacuadradodental.com\\\/#\\\/schema\\\/logo\\\/image\\\/\",\"url\":\"https:\\\/\\\/mariacuadradodental.com\\\/wp-content\\\/uploads\\\/2026\\\/04\\\/cropped-mas-de-20-anos-de-experiencia-2.webp\",\"contentUrl\":\"https:\\\/\\\/mariacuadradodental.com\\\/wp-content\\\/uploads\\\/2026\\\/04\\\/cropped-mas-de-20-anos-de-experiencia-2.webp\",\"width\":833,\"height\":315,\"caption\":\"Cl\u00ednica Dental Algorfa - Mar\u00eda Cuadrado\"},\"image\":{\"@id\":\"https:\\\/\\\/mariacuadradodental.com\\\/#\\\/schema\\\/logo\\\/image\\\/\"},\"sameAs\":[\"https:\\\/\\\/www.facebook.com\\\/dentalmariacuadrado\\\/\"]}]}<\/script>\n<!-- \/ Yoast SEO plugin. -->","yoast_head_json":{"title":"Implantes | Mar\u00eda Cuadrado","robots":{"index":"index","follow":"follow","max-snippet":"max-snippet:-1","max-image-preview":"max-image-preview:large","max-video-preview":"max-video-preview:-1"},"canonical":"https:\/\/mariacuadradodental.com\/en\/implantes-2\/","og_locale":"en_GB","og_type":"article","og_title":"Implantes | Mar\u00eda Cuadrado","og_description":"Tratamiento de implantes Somos especialistas en tratamientos con implantes. Contamos con una dilatada experiencia aportando soluciones de vanguardia en el tratamiento de implantolog\u00eda. Para llevar a cabo el tratamiento de implantes, realizaremos un an\u00e1lisis y diagn\u00f3stico preciso con el fin de poder plantearte la mejor soluci\u00f3n para t\u00ed. Posteriormente realizaremos la colocaci\u00f3n de las nuevas ... Read more","og_url":"https:\/\/mariacuadradodental.com\/en\/implantes-2\/","og_site_name":"Mar\u00eda Cuadrado","article_publisher":"https:\/\/www.facebook.com\/dentalmariacuadrado\/","article_modified_time":"2025-08-31T17:13:26+00:00","og_image":[{"width":640,"height":427,"url":"https:\/\/mariacuadradodental.com\/wp-content\/uploads\/2019\/05\/all-on-four-algorfa-benijofar-alicante-ciudad-quesada-almoradi.jpg","type":"image\/jpeg"}],"twitter_card":"summary_large_image","twitter_misc":{"Estimated reading time":"2 minutes"},"schema":{"@context":"https:\/\/schema.org","@graph":[{"@type":"WebPage","@id":"https:\/\/mariacuadradodental.com\/implantes-2\/","url":"https:\/\/mariacuadradodental.com\/implantes-2\/","name":"Implantes | Mar\u00eda Cuadrado","isPartOf":{"@id":"https:\/\/mariacuadradodental.com\/#website"},"primaryImageOfPage":{"@id":"https:\/\/mariacuadradodental.com\/implantes-2\/#primaryimage"},"image":{"@id":"https:\/\/mariacuadradodental.com\/implantes-2\/#primaryimage"},"thumbnailUrl":"https:\/\/mariacuadradodental.com\/wp-content\/uploads\/2019\/05\/all-on-four-algorfa-benijofar-alicante-ciudad-quesada-almoradi.jpg","datePublished":"2019-04-01T09:10:13+00:00","dateModified":"2025-08-31T17:13:26+00:00","breadcrumb":{"@id":"https:\/\/mariacuadradodental.com\/implantes-2\/#breadcrumb"},"inLanguage":"en-GB","potentialAction":[{"@type":"ReadAction","target":["https:\/\/mariacuadradodental.com\/implantes-2\/"]}]},{"@type":"ImageObject","inLanguage":"en-GB","@id":"https:\/\/mariacuadradodental.com\/implantes-2\/#primaryimage","url":"https:\/\/mariacuadradodental.com\/wp-content\/uploads\/2019\/05\/all-on-four-algorfa-benijofar-alicante-ciudad-quesada-almoradi.jpg","contentUrl":"https:\/\/mariacuadradodental.com\/wp-content\/uploads\/2019\/05\/all-on-four-algorfa-benijofar-alicante-ciudad-quesada-almoradi.jpg"},{"@type":"BreadcrumbList","@id":"https:\/\/mariacuadradodental.com\/implantes-2\/#breadcrumb","itemListElement":[{"@type":"ListItem","position":1,"name":"Portada","item":"https:\/\/mariacuadradodental.com\/"},{"@type":"ListItem","position":2,"name":"Implantes"}]},{"@type":"WebSite","@id":"https:\/\/mariacuadradodental.com\/#website","url":"https:\/\/mariacuadradodental.com\/","name":"Mar\u00eda Cuadrado","description":"Cl\u00ednica Dental","publisher":{"@id":"https:\/\/mariacuadradodental.com\/#organization"},"potentialAction":[{"@type":"SearchAction","target":{"@type":"EntryPoint","urlTemplate":"https:\/\/mariacuadradodental.com\/?s={search_term_string}"},"query-input":{"@type":"PropertyValueSpecification","valueRequired":true,"valueName":"search_term_string"}}],"inLanguage":"en-GB"},{"@type":"Organization","@id":"https:\/\/mariacuadradodental.com\/#organization","name":"Cl\u00ednica Dental Algorfa - Mar\u00eda Cuadrado","url":"https:\/\/mariacuadradodental.com\/","logo":{"@type":"ImageObject","inLanguage":"en-GB","@id":"https:\/\/mariacuadradodental.com\/#\/schema\/logo\/image\/","url":"https:\/\/mariacuadradodental.com\/wp-content\/uploads\/2026\/04\/cropped-mas-de-20-anos-de-experiencia-2.webp","contentUrl":"https:\/\/mariacuadradodental.com\/wp-content\/uploads\/2026\/04\/cropped-mas-de-20-anos-de-experiencia-2.webp","width":833,"height":315,"caption":"Cl\u00ednica Dental Algorfa - Mar\u00eda Cuadrado"},"image":{"@id":"https:\/\/mariacuadradodental.com\/#\/schema\/logo\/image\/"},"sameAs":["https:\/\/www.facebook.com\/dentalmariacuadrado\/"]}]}},"_links":{"self":[{"href":"https:\/\/mariacuadradodental.com\/en\/wp-json\/wp\/v2\/pages\/16","targetHints":{"allow":["GET"]}}],"collection":[{"href":"https:\/\/mariacuadradodental.com\/en\/wp-json\/wp\/v2\/pages"}],"about":[{"href":"https:\/\/mariacuadradodental.com\/en\/wp-json\/wp\/v2\/types\/page"}],"author":[{"embeddable":true,"href":"https:\/\/mariacuadradodental.com\/en\/wp-json\/wp\/v2\/users\/1"}],"replies":[{"embeddable":true,"href":"https:\/\/mariacuadradodental.com\/en\/wp-json\/wp\/v2\/comments?post=16"}],"version-history":[{"count":17,"href":"https:\/\/mariacuadradodental.com\/en\/wp-json\/wp\/v2\/pages\/16\/revisions"}],"predecessor-version":[{"id":15682,"href":"https:\/\/mariacuadradodental.com\/en\/wp-json\/wp\/v2\/pages\/16\/revisions\/15682"}],"wp:attachment":[{"href":"https:\/\/mariacuadradodental.com\/en\/wp-json\/wp\/v2\/media?parent=16"}],"curies":[{"name":"wp","href":"https:\/\/api.w.org\/{rel}","templated":true}]}}