{"id":18,"date":"2019-04-01T09:10:20","date_gmt":"2019-04-01T09:10:20","guid":{"rendered":"http:\/\/mariacuadradodental.com\/?page_id=18"},"modified":"2019-06-04T09:33:53","modified_gmt":"2019-06-04T09:33:53","slug":"ortodoncia","status":"publish","type":"page","link":"https:\/\/mariacuadradodental.com\/en\/ortodoncia\/","title":{"rendered":"Orthodontics"},"content":{"rendered":"<div data-elementor-type=\"wp-post\" data-elementor-id=\"18\" class=\"elementor elementor-18\">\n\t\t\t\t\t\t<section class=\"elementor-section elementor-top-section elementor-element elementor-element-99bf405 elementor-section-boxed elementor-section-height-default elementor-section-height-default\" data-id=\"99bf405\" data-element_type=\"section\" data-e-type=\"section\">\n\t\t\t\t\t\t<div class=\"elementor-container elementor-column-gap-default\">\n\t\t\t\t\t<div class=\"elementor-column elementor-col-100 elementor-top-column elementor-element elementor-element-65c0684\" data-id=\"65c0684\" data-element_type=\"column\" data-e-type=\"column\">\n\t\t\t<div class=\"elementor-widget-wrap elementor-element-populated\">\n\t\t\t\t\t\t<div class=\"elementor-element elementor-element-f9d79a0 elementor-widget elementor-widget-spacer\" data-id=\"f9d79a0\" data-element_type=\"widget\" data-e-type=\"widget\" data-widget_type=\"spacer.default\">\n\t\t\t\t<div class=\"elementor-widget-container\">\n\t\t\t\t\t\t\t<div class=\"elementor-spacer\">\n\t\t\t<div class=\"elementor-spacer-inner\"><\/div>\n\t\t<\/div>\n\t\t\t\t\t\t<\/div>\n\t\t\t\t<\/div>\n\t\t\t\t\t<\/div>\n\t\t<\/div>\n\t\t\t\t\t<\/div>\n\t\t<\/section>\n\t\t\t\t<section class=\"elementor-section elementor-top-section elementor-element elementor-element-1550283 elementor-section-boxed elementor-section-height-default elementor-section-height-default\" data-id=\"1550283\" data-element_type=\"section\" data-e-type=\"section\">\n\t\t\t\t\t\t<div class=\"elementor-container elementor-column-gap-default\">\n\t\t\t\t\t<div class=\"elementor-column elementor-col-50 elementor-top-column elementor-element elementor-element-ef2e581\" data-id=\"ef2e581\" data-element_type=\"column\" data-e-type=\"column\">\n\t\t\t<div class=\"elementor-widget-wrap elementor-element-populated\">\n\t\t\t\t\t\t<div class=\"elementor-element elementor-element-fe58f80 elementor-widget elementor-widget-text-editor\" data-id=\"fe58f80\" data-element_type=\"widget\" data-e-type=\"widget\" data-widget_type=\"text-editor.default\">\n\t\t\t\t<div class=\"elementor-widget-container\">\n\t\t\t\t\t\t\t\t\t<h2 style=\"text-align: justify;\">Orthodontics<\/h2><p style=\"text-align: justify;\">At Mar\u00eda Cuadrado Dental Clinic, we provide all types of orthodontic treatments with the goal of perfecting and shaping our patients smiles. We have extensive experience in carrying out orthodontic treatments.<\/p><p style=\"text-align: justify;\">That is why we can offer you the best solution for your specific case. We will examine your mouth and plan a braces treatment to achieve the desired alignment of your teeth.<\/p>\t\t\t\t\t\t\t\t<\/div>\n\t\t\t\t<\/div>\n\t\t\t\t\t<\/div>\n\t\t<\/div>\n\t\t\t\t<div class=\"elementor-column elementor-col-50 elementor-top-column elementor-element elementor-element-6f53eef\" data-id=\"6f53eef\" data-element_type=\"column\" data-e-type=\"column\">\n\t\t\t<div class=\"elementor-widget-wrap elementor-element-populated\">\n\t\t\t\t\t\t<div class=\"elementor-element elementor-element-a2774a6 elementor-widget elementor-widget-image\" data-id=\"a2774a6\" data-element_type=\"widget\" data-e-type=\"widget\" data-widget_type=\"image.default\">\n\t\t\t\t<div class=\"elementor-widget-container\">\n\t\t\t\t\t\t\t\t\t\t\t\t\t\t\t<img fetchpriority=\"high\" decoding=\"async\" width=\"1024\" height=\"640\" src=\"https:\/\/mariacuadradodental.com\/wp-content\/uploads\/2019\/05\/ortodoncia-algorfa-almoradi-rojales-ciudad-quesada-alicante-vega-baja-1024x640.jpg\" class=\"attachment-large size-large wp-image-161\" alt=\"\" srcset=\"https:\/\/mariacuadradodental.com\/wp-content\/uploads\/2019\/05\/ortodoncia-algorfa-almoradi-rojales-ciudad-quesada-alicante-vega-baja-1024x640.jpg 1024w, https:\/\/mariacuadradodental.com\/wp-content\/uploads\/2019\/05\/ortodoncia-algorfa-almoradi-rojales-ciudad-quesada-alicante-vega-baja-300x188.jpg 300w, https:\/\/mariacuadradodental.com\/wp-content\/uploads\/2019\/05\/ortodoncia-algorfa-almoradi-rojales-ciudad-quesada-alicante-vega-baja-768x480.jpg 768w, https:\/\/mariacuadradodental.com\/wp-content\/uploads\/2019\/05\/ortodoncia-algorfa-almoradi-rojales-ciudad-quesada-alicante-vega-baja.jpg 1680w\" sizes=\"(max-width: 1024px) 100vw, 1024px\" \/>\t\t\t\t\t\t\t\t\t\t\t\t\t\t\t<\/div>\n\t\t\t\t<\/div>\n\t\t\t\t\t<\/div>\n\t\t<\/div>\n\t\t\t\t\t<\/div>\n\t\t<\/section>\n\t\t\t\t<section class=\"elementor-section elementor-top-section elementor-element elementor-element-44c38e7 elementor-section-boxed elementor-section-height-default elementor-section-height-default\" data-id=\"44c38e7\" data-element_type=\"section\" data-e-type=\"section\">\n\t\t\t\t\t\t<div class=\"elementor-container elementor-column-gap-default\">\n\t\t\t\t\t<div class=\"elementor-column elementor-col-100 elementor-top-column elementor-element elementor-element-e2c56cf\" data-id=\"e2c56cf\" data-element_type=\"column\" data-e-type=\"column\">\n\t\t\t<div class=\"elementor-widget-wrap elementor-element-populated\">\n\t\t\t\t\t\t<div class=\"elementor-element elementor-element-6ed6479 elementor-widget elementor-widget-spacer\" data-id=\"6ed6479\" data-element_type=\"widget\" data-e-type=\"widget\" data-widget_type=\"spacer.default\">\n\t\t\t\t<div class=\"elementor-widget-container\">\n\t\t\t\t\t\t\t<div class=\"elementor-spacer\">\n\t\t\t<div class=\"elementor-spacer-inner\"><\/div>\n\t\t<\/div>\n\t\t\t\t\t\t<\/div>\n\t\t\t\t<\/div>\n\t\t\t\t\t<\/div>\n\t\t<\/div>\n\t\t\t\t\t<\/div>\n\t\t<\/section>\n\t\t\t\t<section class=\"elementor-section elementor-top-section elementor-element elementor-element-3989efb elementor-section-boxed elementor-section-height-default elementor-section-height-default\" data-id=\"3989efb\" data-element_type=\"section\" data-e-type=\"section\">\n\t\t\t\t\t\t<div class=\"elementor-container elementor-column-gap-default\">\n\t\t\t\t\t<div class=\"elementor-column elementor-col-50 elementor-top-column elementor-element elementor-element-b4fc599\" data-id=\"b4fc599\" data-element_type=\"column\" data-e-type=\"column\">\n\t\t\t<div class=\"elementor-widget-wrap elementor-element-populated\">\n\t\t\t\t\t\t<div class=\"elementor-element elementor-element-1f470b2 elementor-widget elementor-widget-image\" data-id=\"1f470b2\" data-element_type=\"widget\" data-e-type=\"widget\" data-widget_type=\"image.default\">\n\t\t\t\t<div class=\"elementor-widget-container\">\n\t\t\t\t\t\t\t\t\t\t\t\t\t\t\t<img decoding=\"async\" width=\"768\" height=\"334\" src=\"https:\/\/mariacuadradodental.com\/wp-content\/uploads\/2019\/05\/ortodoncia-algorfa-almoradi-rojales-ciudad-quesada-alicante-vega-baja-maria-cuadrado-dentista-clinica-dental-768x334.jpg\" class=\"attachment-medium_large size-medium_large wp-image-162\" alt=\"\" srcset=\"https:\/\/mariacuadradodental.com\/wp-content\/uploads\/2019\/05\/ortodoncia-algorfa-almoradi-rojales-ciudad-quesada-alicante-vega-baja-maria-cuadrado-dentista-clinica-dental-768x334.jpg 768w, https:\/\/mariacuadradodental.com\/wp-content\/uploads\/2019\/05\/ortodoncia-algorfa-almoradi-rojales-ciudad-quesada-alicante-vega-baja-maria-cuadrado-dentista-clinica-dental-300x130.jpg 300w, https:\/\/mariacuadradodental.com\/wp-content\/uploads\/2019\/05\/ortodoncia-algorfa-almoradi-rojales-ciudad-quesada-alicante-vega-baja-maria-cuadrado-dentista-clinica-dental-1024x445.jpg 1024w, https:\/\/mariacuadradodental.com\/wp-content\/uploads\/2019\/05\/ortodoncia-algorfa-almoradi-rojales-ciudad-quesada-alicante-vega-baja-maria-cuadrado-dentista-clinica-dental.jpg 1920w\" sizes=\"(max-width: 768px) 100vw, 768px\" \/>\t\t\t\t\t\t\t\t\t\t\t\t\t\t\t<\/div>\n\t\t\t\t<\/div>\n\t\t\t\t\t<\/div>\n\t\t<\/div>\n\t\t\t\t<div class=\"elementor-column elementor-col-50 elementor-top-column elementor-element elementor-element-01b17f5\" data-id=\"01b17f5\" data-element_type=\"column\" data-e-type=\"column\">\n\t\t\t<div class=\"elementor-widget-wrap elementor-element-populated\">\n\t\t\t\t\t\t<div class=\"elementor-element elementor-element-df4a158 elementor-widget elementor-widget-text-editor\" data-id=\"df4a158\" data-element_type=\"widget\" data-e-type=\"widget\" data-widget_type=\"text-editor.default\">\n\t\t\t\t<div class=\"elementor-widget-container\">\n\t\t\t\t\t\t\t\t\t<h2>Restore your smile.<\/h2><p>We work with the latest technology in orthodontic treatments. That\u2019s why we can offer you different types of treatments:<\/p><ul><li>Conventional Orthodontics<\/li><li>Invisible Orthodontics<\/li><li>Clear Aligners<\/li><\/ul>\t\t\t\t\t\t\t\t<\/div>\n\t\t\t\t<\/div>\n\t\t\t\t\t<\/div>\n\t\t<\/div>\n\t\t\t\t\t<\/div>\n\t\t<\/section>\n\t\t\t\t<section class=\"elementor-section elementor-top-section elementor-element elementor-element-9aa1d1e elementor-section-boxed elementor-section-height-default elementor-section-height-default\" data-id=\"9aa1d1e\" data-element_type=\"section\" data-e-type=\"section\">\n\t\t\t\t\t\t<div class=\"elementor-container elementor-column-gap-default\">\n\t\t\t\t\t<div class=\"elementor-column elementor-col-100 elementor-top-column elementor-element elementor-element-cc7195c\" data-id=\"cc7195c\" data-element_type=\"column\" data-e-type=\"column\">\n\t\t\t<div class=\"elementor-widget-wrap elementor-element-populated\">\n\t\t\t\t\t\t<div class=\"elementor-element elementor-element-4628e02 elementor-widget-divider--view-line elementor-widget elementor-widget-divider\" data-id=\"4628e02\" data-element_type=\"widget\" data-e-type=\"widget\" data-widget_type=\"divider.default\">\n\t\t\t\t<div class=\"elementor-widget-container\">\n\t\t\t\t\t\t\t<div class=\"elementor-divider\">\n\t\t\t<span class=\"elementor-divider-separator\">\n\t\t\t\t\t\t<\/span>\n\t\t<\/div>\n\t\t\t\t\t\t<\/div>\n\t\t\t\t<\/div>\n\t\t\t\t<div class=\"elementor-element elementor-element-a029305 elementor-widget elementor-widget-text-editor\" data-id=\"a029305\" data-element_type=\"widget\" data-e-type=\"widget\" data-widget_type=\"text-editor.default\">\n\t\t\t\t<div class=\"elementor-widget-container\">\n\t\t\t\t\t\t\t\t\t<h2 style=\"text-align: center;\">Request information with no obligation<\/h2><h1 style=\"text-align: center;\"><strong>966 78 36 45<\/strong><\/h1><p>\u00a0<\/p>\t\t\t\t\t\t\t\t<\/div>\n\t\t\t\t<\/div>\n\t\t\t\t\t<\/div>\n\t\t<\/div>\n\t\t\t\t\t<\/div>\n\t\t<\/section>\n\t\t\t\t<section class=\"elementor-section elementor-top-section elementor-element elementor-element-229c4f3 elementor-section-boxed elementor-section-height-default elementor-section-height-default\" data-id=\"229c4f3\" data-element_type=\"section\" data-e-type=\"section\">\n\t\t\t\t\t\t<div class=\"elementor-container elementor-column-gap-default\">\n\t\t\t\t\t<div class=\"elementor-column elementor-col-33 elementor-top-column elementor-element elementor-element-2875d02\" data-id=\"2875d02\" data-element_type=\"column\" data-e-type=\"column\">\n\t\t\t<div class=\"elementor-widget-wrap elementor-element-populated\">\n\t\t\t\t\t\t<div class=\"elementor-element elementor-element-61895ad elementor-widget elementor-widget-image\" data-id=\"61895ad\" data-element_type=\"widget\" data-e-type=\"widget\" data-widget_type=\"image.default\">\n\t\t\t\t<div class=\"elementor-widget-container\">\n\t\t\t\t\t\t\t\t\t\t\t\t\t\t\t<img decoding=\"async\" width=\"1000\" height=\"665\" src=\"https:\/\/mariacuadradodental.com\/wp-content\/uploads\/2019\/05\/clinica_denta_algorfa-maria-cuadrado-dentista-amoradi-ciudad-quesada-rojales-vega-baja_odonthlogy-12.jpg\" class=\"attachment-large size-large wp-image-107\" alt=\"\" srcset=\"https:\/\/mariacuadradodental.com\/wp-content\/uploads\/2019\/05\/clinica_denta_algorfa-maria-cuadrado-dentista-amoradi-ciudad-quesada-rojales-vega-baja_odonthlogy-12.jpg 1000w, https:\/\/mariacuadradodental.com\/wp-content\/uploads\/2019\/05\/clinica_denta_algorfa-maria-cuadrado-dentista-amoradi-ciudad-quesada-rojales-vega-baja_odonthlogy-12-300x200.jpg 300w, https:\/\/mariacuadradodental.com\/wp-content\/uploads\/2019\/05\/clinica_denta_algorfa-maria-cuadrado-dentista-amoradi-ciudad-quesada-rojales-vega-baja_odonthlogy-12-768x511.jpg 768w\" sizes=\"(max-width: 1000px) 100vw, 1000px\" \/>\t\t\t\t\t\t\t\t\t\t\t\t\t\t\t<\/div>\n\t\t\t\t<\/div>\n\t\t\t\t\t<\/div>\n\t\t<\/div>\n\t\t\t\t<div class=\"elementor-column elementor-col-33 elementor-top-column elementor-element elementor-element-c3b61f1\" data-id=\"c3b61f1\" data-element_type=\"column\" data-e-type=\"column\">\n\t\t\t<div class=\"elementor-widget-wrap elementor-element-populated\">\n\t\t\t\t\t\t<div class=\"elementor-element elementor-element-5eac5df elementor-widget elementor-widget-image\" data-id=\"5eac5df\" data-element_type=\"widget\" data-e-type=\"widget\" data-widget_type=\"image.default\">\n\t\t\t\t<div class=\"elementor-widget-container\">\n\t\t\t\t\t\t\t\t\t\t\t\t\t\t\t<img loading=\"lazy\" decoding=\"async\" width=\"1000\" height=\"665\" src=\"https:\/\/mariacuadradodental.com\/wp-content\/uploads\/2019\/05\/clinica_denta_algorfa-maria-cuadrado-dentista-amoradi-ciudad-quesada-rojales-vega-baja_odonthlogy-16.jpg\" class=\"attachment-large size-large wp-image-111\" alt=\"\" srcset=\"https:\/\/mariacuadradodental.com\/wp-content\/uploads\/2019\/05\/clinica_denta_algorfa-maria-cuadrado-dentista-amoradi-ciudad-quesada-rojales-vega-baja_odonthlogy-16.jpg 1000w, https:\/\/mariacuadradodental.com\/wp-content\/uploads\/2019\/05\/clinica_denta_algorfa-maria-cuadrado-dentista-amoradi-ciudad-quesada-rojales-vega-baja_odonthlogy-16-300x200.jpg 300w, https:\/\/mariacuadradodental.com\/wp-content\/uploads\/2019\/05\/clinica_denta_algorfa-maria-cuadrado-dentista-amoradi-ciudad-quesada-rojales-vega-baja_odonthlogy-16-768x511.jpg 768w\" sizes=\"(max-width: 1000px) 100vw, 1000px\" \/>\t\t\t\t\t\t\t\t\t\t\t\t\t\t\t<\/div>\n\t\t\t\t<\/div>\n\t\t\t\t\t<\/div>\n\t\t<\/div>\n\t\t\t\t<div class=\"elementor-column elementor-col-33 elementor-top-column elementor-element elementor-element-91a3e21\" data-id=\"91a3e21\" data-element_type=\"column\" data-e-type=\"column\">\n\t\t\t<div class=\"elementor-widget-wrap elementor-element-populated\">\n\t\t\t\t\t\t<div class=\"elementor-element elementor-element-087e938 elementor-widget elementor-widget-image\" data-id=\"087e938\" data-element_type=\"widget\" data-e-type=\"widget\" data-widget_type=\"image.default\">\n\t\t\t\t<div class=\"elementor-widget-container\">\n\t\t\t\t\t\t\t\t\t\t\t\t\t\t\t<img loading=\"lazy\" decoding=\"async\" width=\"1000\" height=\"665\" src=\"https:\/\/mariacuadradodental.com\/wp-content\/uploads\/2019\/05\/clinica_denta_algorfa-maria-cuadrado-dentista-amoradi-ciudad-quesada-rojales-vega-baja_odonthlogy-15.jpg\" class=\"attachment-large size-large wp-image-110\" alt=\"\" srcset=\"https:\/\/mariacuadradodental.com\/wp-content\/uploads\/2019\/05\/clinica_denta_algorfa-maria-cuadrado-dentista-amoradi-ciudad-quesada-rojales-vega-baja_odonthlogy-15.jpg 1000w, https:\/\/mariacuadradodental.com\/wp-content\/uploads\/2019\/05\/clinica_denta_algorfa-maria-cuadrado-dentista-amoradi-ciudad-quesada-rojales-vega-baja_odonthlogy-15-300x200.jpg 300w, https:\/\/mariacuadradodental.com\/wp-content\/uploads\/2019\/05\/clinica_denta_algorfa-maria-cuadrado-dentista-amoradi-ciudad-quesada-rojales-vega-baja_odonthlogy-15-768x511.jpg 768w\" sizes=\"(max-width: 1000px) 100vw, 1000px\" \/>\t\t\t\t\t\t\t\t\t\t\t\t\t\t\t<\/div>\n\t\t\t\t<\/div>\n\t\t\t\t\t<\/div>\n\t\t<\/div>\n\t\t\t\t\t<\/div>\n\t\t<\/section>\n\t\t\t\t<\/div>","protected":false},"excerpt":{"rendered":"<p>Ortodoncia En la cl\u00ednica dental Mar\u00eda Cuadrado realizamos todo tipo de tratamientos de ortodoncia con el objetivo de perfeccionar y moldear la sonrisa de nuestros pacientes. Contamos con una dilatada experiencia realizando tratamientos de ortodoncia. Es por ello que podemos plantearte la mejor soluci\u00f3n para tu caso concreto. Estudiaremos tu boca y planificaremos el tratamiento &#8230; <a title=\"Orthodontics\" class=\"read-more\" href=\"https:\/\/mariacuadradodental.com\/en\/ortodoncia\/\" aria-label=\"Read more about Ortodoncia\">Read more<\/a><\/p>","protected":false},"author":1,"featured_media":0,"parent":0,"menu_order":0,"comment_status":"closed","ping_status":"closed","template":"","meta":{"footnotes":""},"class_list":["post-18","page","type-page","status-publish"],"yoast_head":"<!-- This site is optimized with the Yoast SEO plugin v27.3 - https:\/\/yoast.com\/product\/yoast-seo-wordpress\/ -->\n<title>Ortodoncia | Mar\u00eda Cuadrado<\/title>\n<meta name=\"robots\" content=\"index, follow, max-snippet:-1, max-image-preview:large, max-video-preview:-1\" \/>\n<link rel=\"canonical\" href=\"https:\/\/mariacuadradodental.com\/en\/ortodoncia\/\" \/>\n<meta property=\"og:locale\" content=\"en_GB\" \/>\n<meta property=\"og:type\" content=\"article\" \/>\n<meta property=\"og:title\" content=\"Ortodoncia | Mar\u00eda Cuadrado\" \/>\n<meta property=\"og:description\" content=\"Ortodoncia En la cl\u00ednica dental Mar\u00eda Cuadrado realizamos todo tipo de tratamientos de ortodoncia con el objetivo de perfeccionar y moldear la sonrisa de nuestros pacientes. Contamos con una dilatada experiencia realizando tratamientos de ortodoncia. Es por ello que podemos plantearte la mejor soluci\u00f3n para tu caso concreto. Estudiaremos tu boca y planificaremos el tratamiento ... Read more\" \/>\n<meta property=\"og:url\" content=\"https:\/\/mariacuadradodental.com\/en\/ortodoncia\/\" \/>\n<meta property=\"og:site_name\" content=\"Mar\u00eda Cuadrado\" \/>\n<meta property=\"article:publisher\" content=\"https:\/\/www.facebook.com\/dentalmariacuadrado\/\" \/>\n<meta property=\"article:modified_time\" content=\"2019-06-04T09:33:53+00:00\" \/>\n<meta property=\"og:image\" content=\"http:\/\/mariacuadradodental.com\/wp-content\/uploads\/2019\/05\/ortodoncia-algorfa-almoradi-rojales-ciudad-quesada-alicante-vega-baja-1024x640.jpg\" \/>\n<meta name=\"twitter:card\" content=\"summary_large_image\" \/>\n<script type=\"application\/ld+json\" class=\"yoast-schema-graph\">{\"@context\":\"https:\\\/\\\/schema.org\",\"@graph\":[{\"@type\":\"WebPage\",\"@id\":\"https:\\\/\\\/mariacuadradodental.com\\\/ortodoncia\\\/\",\"url\":\"https:\\\/\\\/mariacuadradodental.com\\\/ortodoncia\\\/\",\"name\":\"Ortodoncia | Mar\u00eda Cuadrado\",\"isPartOf\":{\"@id\":\"https:\\\/\\\/mariacuadradodental.com\\\/#website\"},\"primaryImageOfPage\":{\"@id\":\"https:\\\/\\\/mariacuadradodental.com\\\/ortodoncia\\\/#primaryimage\"},\"image\":{\"@id\":\"https:\\\/\\\/mariacuadradodental.com\\\/ortodoncia\\\/#primaryimage\"},\"thumbnailUrl\":\"http:\\\/\\\/mariacuadradodental.com\\\/wp-content\\\/uploads\\\/2019\\\/05\\\/ortodoncia-algorfa-almoradi-rojales-ciudad-quesada-alicante-vega-baja-1024x640.jpg\",\"datePublished\":\"2019-04-01T09:10:20+00:00\",\"dateModified\":\"2019-06-04T09:33:53+00:00\",\"breadcrumb\":{\"@id\":\"https:\\\/\\\/mariacuadradodental.com\\\/ortodoncia\\\/#breadcrumb\"},\"inLanguage\":\"en-GB\",\"potentialAction\":[{\"@type\":\"ReadAction\",\"target\":[\"https:\\\/\\\/mariacuadradodental.com\\\/ortodoncia\\\/\"]}]},{\"@type\":\"ImageObject\",\"inLanguage\":\"en-GB\",\"@id\":\"https:\\\/\\\/mariacuadradodental.com\\\/ortodoncia\\\/#primaryimage\",\"url\":\"http:\\\/\\\/mariacuadradodental.com\\\/wp-content\\\/uploads\\\/2019\\\/05\\\/ortodoncia-algorfa-almoradi-rojales-ciudad-quesada-alicante-vega-baja-1024x640.jpg\",\"contentUrl\":\"http:\\\/\\\/mariacuadradodental.com\\\/wp-content\\\/uploads\\\/2019\\\/05\\\/ortodoncia-algorfa-almoradi-rojales-ciudad-quesada-alicante-vega-baja-1024x640.jpg\"},{\"@type\":\"BreadcrumbList\",\"@id\":\"https:\\\/\\\/mariacuadradodental.com\\\/ortodoncia\\\/#breadcrumb\",\"itemListElement\":[{\"@type\":\"ListItem\",\"position\":1,\"name\":\"Portada\",\"item\":\"https:\\\/\\\/mariacuadradodental.com\\\/\"},{\"@type\":\"ListItem\",\"position\":2,\"name\":\"Ortodoncia\"}]},{\"@type\":\"WebSite\",\"@id\":\"https:\\\/\\\/mariacuadradodental.com\\\/#website\",\"url\":\"https:\\\/\\\/mariacuadradodental.com\\\/\",\"name\":\"Mar\u00eda Cuadrado\",\"description\":\"Cl\u00ednica Dental\",\"publisher\":{\"@id\":\"https:\\\/\\\/mariacuadradodental.com\\\/#organization\"},\"potentialAction\":[{\"@type\":\"SearchAction\",\"target\":{\"@type\":\"EntryPoint\",\"urlTemplate\":\"https:\\\/\\\/mariacuadradodental.com\\\/?s={search_term_string}\"},\"query-input\":{\"@type\":\"PropertyValueSpecification\",\"valueRequired\":true,\"valueName\":\"search_term_string\"}}],\"inLanguage\":\"en-GB\"},{\"@type\":\"Organization\",\"@id\":\"https:\\\/\\\/mariacuadradodental.com\\\/#organization\",\"name\":\"Cl\u00ednica Dental Algorfa - Mar\u00eda Cuadrado\",\"url\":\"https:\\\/\\\/mariacuadradodental.com\\\/\",\"logo\":{\"@type\":\"ImageObject\",\"inLanguage\":\"en-GB\",\"@id\":\"https:\\\/\\\/mariacuadradodental.com\\\/#\\\/schema\\\/logo\\\/image\\\/\",\"url\":\"https:\\\/\\\/mariacuadradodental.com\\\/wp-content\\\/uploads\\\/2026\\\/04\\\/cropped-mas-de-20-anos-de-experiencia-2.webp\",\"contentUrl\":\"https:\\\/\\\/mariacuadradodental.com\\\/wp-content\\\/uploads\\\/2026\\\/04\\\/cropped-mas-de-20-anos-de-experiencia-2.webp\",\"width\":833,\"height\":315,\"caption\":\"Cl\u00ednica Dental Algorfa - Mar\u00eda Cuadrado\"},\"image\":{\"@id\":\"https:\\\/\\\/mariacuadradodental.com\\\/#\\\/schema\\\/logo\\\/image\\\/\"},\"sameAs\":[\"https:\\\/\\\/www.facebook.com\\\/dentalmariacuadrado\\\/\"]}]}<\/script>\n<!-- \/ Yoast SEO plugin. -->","yoast_head_json":{"title":"Ortodoncia | Mar\u00eda Cuadrado","robots":{"index":"index","follow":"follow","max-snippet":"max-snippet:-1","max-image-preview":"max-image-preview:large","max-video-preview":"max-video-preview:-1"},"canonical":"https:\/\/mariacuadradodental.com\/en\/ortodoncia\/","og_locale":"en_GB","og_type":"article","og_title":"Ortodoncia | Mar\u00eda Cuadrado","og_description":"Ortodoncia En la cl\u00ednica dental Mar\u00eda Cuadrado realizamos todo tipo de tratamientos de ortodoncia con el objetivo de perfeccionar y moldear la sonrisa de nuestros pacientes. Contamos con una dilatada experiencia realizando tratamientos de ortodoncia. Es por ello que podemos plantearte la mejor soluci\u00f3n para tu caso concreto. Estudiaremos tu boca y planificaremos el tratamiento ... Read more","og_url":"https:\/\/mariacuadradodental.com\/en\/ortodoncia\/","og_site_name":"Mar\u00eda Cuadrado","article_publisher":"https:\/\/www.facebook.com\/dentalmariacuadrado\/","article_modified_time":"2019-06-04T09:33:53+00:00","og_image":[{"url":"http:\/\/mariacuadradodental.com\/wp-content\/uploads\/2019\/05\/ortodoncia-algorfa-almoradi-rojales-ciudad-quesada-alicante-vega-baja-1024x640.jpg","type":"","width":"","height":""}],"twitter_card":"summary_large_image","schema":{"@context":"https:\/\/schema.org","@graph":[{"@type":"WebPage","@id":"https:\/\/mariacuadradodental.com\/ortodoncia\/","url":"https:\/\/mariacuadradodental.com\/ortodoncia\/","name":"Ortodoncia | Mar\u00eda Cuadrado","isPartOf":{"@id":"https:\/\/mariacuadradodental.com\/#website"},"primaryImageOfPage":{"@id":"https:\/\/mariacuadradodental.com\/ortodoncia\/#primaryimage"},"image":{"@id":"https:\/\/mariacuadradodental.com\/ortodoncia\/#primaryimage"},"thumbnailUrl":"http:\/\/mariacuadradodental.com\/wp-content\/uploads\/2019\/05\/ortodoncia-algorfa-almoradi-rojales-ciudad-quesada-alicante-vega-baja-1024x640.jpg","datePublished":"2019-04-01T09:10:20+00:00","dateModified":"2019-06-04T09:33:53+00:00","breadcrumb":{"@id":"https:\/\/mariacuadradodental.com\/ortodoncia\/#breadcrumb"},"inLanguage":"en-GB","potentialAction":[{"@type":"ReadAction","target":["https:\/\/mariacuadradodental.com\/ortodoncia\/"]}]},{"@type":"ImageObject","inLanguage":"en-GB","@id":"https:\/\/mariacuadradodental.com\/ortodoncia\/#primaryimage","url":"http:\/\/mariacuadradodental.com\/wp-content\/uploads\/2019\/05\/ortodoncia-algorfa-almoradi-rojales-ciudad-quesada-alicante-vega-baja-1024x640.jpg","contentUrl":"http:\/\/mariacuadradodental.com\/wp-content\/uploads\/2019\/05\/ortodoncia-algorfa-almoradi-rojales-ciudad-quesada-alicante-vega-baja-1024x640.jpg"},{"@type":"BreadcrumbList","@id":"https:\/\/mariacuadradodental.com\/ortodoncia\/#breadcrumb","itemListElement":[{"@type":"ListItem","position":1,"name":"Portada","item":"https:\/\/mariacuadradodental.com\/"},{"@type":"ListItem","position":2,"name":"Ortodoncia"}]},{"@type":"WebSite","@id":"https:\/\/mariacuadradodental.com\/#website","url":"https:\/\/mariacuadradodental.com\/","name":"Mar\u00eda Cuadrado","description":"Cl\u00ednica Dental","publisher":{"@id":"https:\/\/mariacuadradodental.com\/#organization"},"potentialAction":[{"@type":"SearchAction","target":{"@type":"EntryPoint","urlTemplate":"https:\/\/mariacuadradodental.com\/?s={search_term_string}"},"query-input":{"@type":"PropertyValueSpecification","valueRequired":true,"valueName":"search_term_string"}}],"inLanguage":"en-GB"},{"@type":"Organization","@id":"https:\/\/mariacuadradodental.com\/#organization","name":"Cl\u00ednica Dental Algorfa - Mar\u00eda Cuadrado","url":"https:\/\/mariacuadradodental.com\/","logo":{"@type":"ImageObject","inLanguage":"en-GB","@id":"https:\/\/mariacuadradodental.com\/#\/schema\/logo\/image\/","url":"https:\/\/mariacuadradodental.com\/wp-content\/uploads\/2026\/04\/cropped-mas-de-20-anos-de-experiencia-2.webp","contentUrl":"https:\/\/mariacuadradodental.com\/wp-content\/uploads\/2026\/04\/cropped-mas-de-20-anos-de-experiencia-2.webp","width":833,"height":315,"caption":"Cl\u00ednica Dental Algorfa - Mar\u00eda Cuadrado"},"image":{"@id":"https:\/\/mariacuadradodental.com\/#\/schema\/logo\/image\/"},"sameAs":["https:\/\/www.facebook.com\/dentalmariacuadrado\/"]}]}},"_links":{"self":[{"href":"https:\/\/mariacuadradodental.com\/en\/wp-json\/wp\/v2\/pages\/18","targetHints":{"allow":["GET"]}}],"collection":[{"href":"https:\/\/mariacuadradodental.com\/en\/wp-json\/wp\/v2\/pages"}],"about":[{"href":"https:\/\/mariacuadradodental.com\/en\/wp-json\/wp\/v2\/types\/page"}],"author":[{"embeddable":true,"href":"https:\/\/mariacuadradodental.com\/en\/wp-json\/wp\/v2\/users\/1"}],"replies":[{"embeddable":true,"href":"https:\/\/mariacuadradodental.com\/en\/wp-json\/wp\/v2\/comments?post=18"}],"version-history":[{"count":5,"href":"https:\/\/mariacuadradodental.com\/en\/wp-json\/wp\/v2\/pages\/18\/revisions"}],"predecessor-version":[{"id":203,"href":"https:\/\/mariacuadradodental.com\/en\/wp-json\/wp\/v2\/pages\/18\/revisions\/203"}],"wp:attachment":[{"href":"https:\/\/mariacuadradodental.com\/en\/wp-json\/wp\/v2\/media?parent=18"}],"curies":[{"name":"wp","href":"https:\/\/api.w.org\/{rel}","templated":true}]}}