{"id":20,"date":"2019-04-01T09:10:29","date_gmt":"2019-04-01T09:10:29","guid":{"rendered":"http:\/\/mariacuadradodental.com\/?page_id=20"},"modified":"2019-05-10T11:54:37","modified_gmt":"2019-05-10T11:54:37","slug":"protesis","status":"publish","type":"page","link":"https:\/\/mariacuadradodental.com\/en\/protesis\/","title":{"rendered":"Prosthesis"},"content":{"rendered":"<div data-elementor-type=\"wp-post\" data-elementor-id=\"20\" class=\"elementor elementor-20\">\n\t\t\t\t\t\t<section class=\"elementor-section elementor-top-section elementor-element elementor-element-da365be elementor-section-boxed elementor-section-height-default elementor-section-height-default\" data-id=\"da365be\" data-element_type=\"section\" data-e-type=\"section\">\n\t\t\t\t\t\t<div class=\"elementor-container elementor-column-gap-default\">\n\t\t\t\t\t<div class=\"elementor-column elementor-col-100 elementor-top-column elementor-element elementor-element-b829665\" data-id=\"b829665\" data-element_type=\"column\" data-e-type=\"column\">\n\t\t\t<div class=\"elementor-widget-wrap elementor-element-populated\">\n\t\t\t\t\t\t<div class=\"elementor-element elementor-element-7649fa2 elementor-widget elementor-widget-spacer\" data-id=\"7649fa2\" data-element_type=\"widget\" data-e-type=\"widget\" data-widget_type=\"spacer.default\">\n\t\t\t\t<div class=\"elementor-widget-container\">\n\t\t\t\t\t\t\t<div class=\"elementor-spacer\">\n\t\t\t<div class=\"elementor-spacer-inner\"><\/div>\n\t\t<\/div>\n\t\t\t\t\t\t<\/div>\n\t\t\t\t<\/div>\n\t\t\t\t\t<\/div>\n\t\t<\/div>\n\t\t\t\t\t<\/div>\n\t\t<\/section>\n\t\t\t\t<section class=\"elementor-section elementor-top-section elementor-element elementor-element-b5805fa elementor-section-boxed elementor-section-height-default elementor-section-height-default\" data-id=\"b5805fa\" data-element_type=\"section\" data-e-type=\"section\">\n\t\t\t\t\t\t<div class=\"elementor-container elementor-column-gap-default\">\n\t\t\t\t\t<div class=\"elementor-column elementor-col-50 elementor-top-column elementor-element elementor-element-865f53f\" data-id=\"865f53f\" data-element_type=\"column\" data-e-type=\"column\">\n\t\t\t<div class=\"elementor-widget-wrap elementor-element-populated\">\n\t\t\t\t\t\t<div class=\"elementor-element elementor-element-c1c92de elementor-widget elementor-widget-text-editor\" data-id=\"c1c92de\" data-element_type=\"widget\" data-e-type=\"widget\" data-widget_type=\"text-editor.default\">\n\t\t\t\t<div class=\"elementor-widget-container\">\n\t\t\t\t\t\t\t\t\t<h2 style=\"text-align: justify;\">Prosthesis<\/h2><p>At Mar\u00eda Cuadrado Dental Clinic, we offer the full range of prosthetic solutions, tailored to each patient\u2019s needs. Our in-house prosthetics laboratory uses the most advanced techniques and materials to fabricate partial or complete dentures, always custom-made and precisely matched for individual shade and luster.<\/p><p>We offer custom-made prostheses crafted with the finest materials to maximize durability.<\/p>\t\t\t\t\t\t\t\t<\/div>\n\t\t\t\t<\/div>\n\t\t\t\t\t<\/div>\n\t\t<\/div>\n\t\t\t\t<div class=\"elementor-column elementor-col-50 elementor-top-column elementor-element elementor-element-b6fc23e\" data-id=\"b6fc23e\" data-element_type=\"column\" data-e-type=\"column\">\n\t\t\t<div class=\"elementor-widget-wrap elementor-element-populated\">\n\t\t\t\t\t\t<div class=\"elementor-element elementor-element-91599bc elementor-widget elementor-widget-image\" data-id=\"91599bc\" data-element_type=\"widget\" data-e-type=\"widget\" data-widget_type=\"image.default\">\n\t\t\t\t<div class=\"elementor-widget-container\">\n\t\t\t\t\t\t\t\t\t\t\t\t\t\t\t<img fetchpriority=\"high\" decoding=\"async\" width=\"1024\" height=\"587\" src=\"https:\/\/mariacuadradodental.com\/wp-content\/uploads\/2019\/05\/protesis-dentales-marfil-den-1024x587.png\" class=\"attachment-large size-large wp-image-156\" alt=\"\" srcset=\"https:\/\/mariacuadradodental.com\/wp-content\/uploads\/2019\/05\/protesis-dentales-marfil-den-1024x587.png 1024w, https:\/\/mariacuadradodental.com\/wp-content\/uploads\/2019\/05\/protesis-dentales-marfil-den-300x172.png 300w, https:\/\/mariacuadradodental.com\/wp-content\/uploads\/2019\/05\/protesis-dentales-marfil-den-768x440.png 768w, https:\/\/mariacuadradodental.com\/wp-content\/uploads\/2019\/05\/protesis-dentales-marfil-den.png 1920w\" sizes=\"(max-width: 1024px) 100vw, 1024px\" \/>\t\t\t\t\t\t\t\t\t\t\t\t\t\t\t<\/div>\n\t\t\t\t<\/div>\n\t\t\t\t\t<\/div>\n\t\t<\/div>\n\t\t\t\t\t<\/div>\n\t\t<\/section>\n\t\t\t\t<section class=\"elementor-section elementor-top-section elementor-element elementor-element-dac9262 elementor-section-boxed elementor-section-height-default elementor-section-height-default\" data-id=\"dac9262\" data-element_type=\"section\" data-e-type=\"section\">\n\t\t\t\t\t\t<div class=\"elementor-container elementor-column-gap-default\">\n\t\t\t\t\t<div class=\"elementor-column elementor-col-100 elementor-top-column elementor-element elementor-element-f240d8b\" data-id=\"f240d8b\" data-element_type=\"column\" data-e-type=\"column\">\n\t\t\t<div class=\"elementor-widget-wrap elementor-element-populated\">\n\t\t\t\t\t\t<div class=\"elementor-element elementor-element-9e35856 elementor-widget elementor-widget-spacer\" data-id=\"9e35856\" data-element_type=\"widget\" data-e-type=\"widget\" data-widget_type=\"spacer.default\">\n\t\t\t\t<div class=\"elementor-widget-container\">\n\t\t\t\t\t\t\t<div class=\"elementor-spacer\">\n\t\t\t<div class=\"elementor-spacer-inner\"><\/div>\n\t\t<\/div>\n\t\t\t\t\t\t<\/div>\n\t\t\t\t<\/div>\n\t\t\t\t\t<\/div>\n\t\t<\/div>\n\t\t\t\t\t<\/div>\n\t\t<\/section>\n\t\t\t\t<section class=\"elementor-section elementor-top-section elementor-element elementor-element-8f49808 elementor-section-boxed elementor-section-height-default elementor-section-height-default\" data-id=\"8f49808\" data-element_type=\"section\" data-e-type=\"section\">\n\t\t\t\t\t\t<div class=\"elementor-container elementor-column-gap-default\">\n\t\t\t\t\t<div class=\"elementor-column elementor-col-50 elementor-top-column elementor-element elementor-element-6ab2bb7\" data-id=\"6ab2bb7\" data-element_type=\"column\" data-e-type=\"column\">\n\t\t\t<div class=\"elementor-widget-wrap elementor-element-populated\">\n\t\t\t\t\t\t<div class=\"elementor-element elementor-element-0322b5c elementor-widget elementor-widget-image\" data-id=\"0322b5c\" data-element_type=\"widget\" data-e-type=\"widget\" data-widget_type=\"image.default\">\n\t\t\t\t<div class=\"elementor-widget-container\">\n\t\t\t\t\t\t\t\t\t\t\t\t\t\t\t<img decoding=\"async\" width=\"768\" height=\"571\" src=\"https:\/\/mariacuadradodental.com\/wp-content\/uploads\/2019\/05\/protesis-fija-768x571.png\" class=\"attachment-medium_large size-medium_large wp-image-157\" alt=\"\" srcset=\"https:\/\/mariacuadradodental.com\/wp-content\/uploads\/2019\/05\/protesis-fija-768x571.png 768w, https:\/\/mariacuadradodental.com\/wp-content\/uploads\/2019\/05\/protesis-fija-300x223.png 300w, https:\/\/mariacuadradodental.com\/wp-content\/uploads\/2019\/05\/protesis-fija.png 806w\" sizes=\"(max-width: 768px) 100vw, 768px\" \/>\t\t\t\t\t\t\t\t\t\t\t\t\t\t\t<\/div>\n\t\t\t\t<\/div>\n\t\t\t\t\t<\/div>\n\t\t<\/div>\n\t\t\t\t<div class=\"elementor-column elementor-col-50 elementor-top-column elementor-element elementor-element-f171613\" data-id=\"f171613\" data-element_type=\"column\" data-e-type=\"column\">\n\t\t\t<div class=\"elementor-widget-wrap elementor-element-populated\">\n\t\t\t\t\t\t<div class=\"elementor-element elementor-element-e46c9c2 elementor-widget elementor-widget-text-editor\" data-id=\"e46c9c2\" data-element_type=\"widget\" data-e-type=\"widget\" data-widget_type=\"text-editor.default\">\n\t\t\t\t<div class=\"elementor-widget-container\">\n\t\t\t\t\t\t\t\t\t<h2>The best prosthesis to bring back your smile<\/h2><p>There are several types of dental prostheses, each adapted to different treatments:<\/p><ul><li>Removable Partial Denture<\/li><li>Complete Removable Denture<\/li><li>Fixed Denture on Natural Teeth<\/li><li>Fixed Denture on Implants<\/li><li>Removable Denture<\/li><\/ul><p>\u00a0<\/p>\t\t\t\t\t\t\t\t<\/div>\n\t\t\t\t<\/div>\n\t\t\t\t\t<\/div>\n\t\t<\/div>\n\t\t\t\t\t<\/div>\n\t\t<\/section>\n\t\t\t\t<section class=\"elementor-section elementor-top-section elementor-element elementor-element-aafddc8 elementor-section-boxed elementor-section-height-default elementor-section-height-default\" data-id=\"aafddc8\" data-element_type=\"section\" data-e-type=\"section\">\n\t\t\t\t\t\t<div class=\"elementor-container elementor-column-gap-default\">\n\t\t\t\t\t<div class=\"elementor-column elementor-col-100 elementor-top-column elementor-element elementor-element-0e78df5\" data-id=\"0e78df5\" data-element_type=\"column\" data-e-type=\"column\">\n\t\t\t<div class=\"elementor-widget-wrap elementor-element-populated\">\n\t\t\t\t\t\t<div class=\"elementor-element elementor-element-31460b2 elementor-widget-divider--view-line elementor-widget elementor-widget-divider\" data-id=\"31460b2\" data-element_type=\"widget\" data-e-type=\"widget\" data-widget_type=\"divider.default\">\n\t\t\t\t<div class=\"elementor-widget-container\">\n\t\t\t\t\t\t\t<div class=\"elementor-divider\">\n\t\t\t<span class=\"elementor-divider-separator\">\n\t\t\t\t\t\t<\/span>\n\t\t<\/div>\n\t\t\t\t\t\t<\/div>\n\t\t\t\t<\/div>\n\t\t\t\t<div class=\"elementor-element elementor-element-482f9ee elementor-widget elementor-widget-text-editor\" data-id=\"482f9ee\" data-element_type=\"widget\" data-e-type=\"widget\" data-widget_type=\"text-editor.default\">\n\t\t\t\t<div class=\"elementor-widget-container\">\n\t\t\t\t\t\t\t\t\t<h2 style=\"text-align: center;\">Request information with no obligation<\/h2><h1 style=\"text-align: center;\"><strong>966 78 36 45<\/strong><\/h1><p>\u00a0<\/p>\t\t\t\t\t\t\t\t<\/div>\n\t\t\t\t<\/div>\n\t\t\t\t\t<\/div>\n\t\t<\/div>\n\t\t\t\t\t<\/div>\n\t\t<\/section>\n\t\t\t\t<section class=\"elementor-section elementor-top-section elementor-element elementor-element-2a5f8be elementor-section-boxed elementor-section-height-default elementor-section-height-default\" data-id=\"2a5f8be\" data-element_type=\"section\" data-e-type=\"section\">\n\t\t\t\t\t\t<div class=\"elementor-container elementor-column-gap-default\">\n\t\t\t\t\t<div class=\"elementor-column elementor-col-33 elementor-top-column elementor-element elementor-element-4dbcb1e\" data-id=\"4dbcb1e\" data-element_type=\"column\" data-e-type=\"column\">\n\t\t\t<div class=\"elementor-widget-wrap elementor-element-populated\">\n\t\t\t\t\t\t<div class=\"elementor-element elementor-element-bd8dbbb elementor-widget elementor-widget-image\" data-id=\"bd8dbbb\" data-element_type=\"widget\" data-e-type=\"widget\" data-widget_type=\"image.default\">\n\t\t\t\t<div class=\"elementor-widget-container\">\n\t\t\t\t\t\t\t\t\t\t\t\t\t\t\t<img decoding=\"async\" width=\"1000\" height=\"665\" src=\"https:\/\/mariacuadradodental.com\/wp-content\/uploads\/2019\/05\/clinica_denta_algorfa-maria-cuadrado-dentista-amoradi-ciudad-quesada-rojales-vega-baja_odonthlogy-1.jpg\" class=\"attachment-large size-large wp-image-115\" alt=\"\" srcset=\"https:\/\/mariacuadradodental.com\/wp-content\/uploads\/2019\/05\/clinica_denta_algorfa-maria-cuadrado-dentista-amoradi-ciudad-quesada-rojales-vega-baja_odonthlogy-1.jpg 1000w, https:\/\/mariacuadradodental.com\/wp-content\/uploads\/2019\/05\/clinica_denta_algorfa-maria-cuadrado-dentista-amoradi-ciudad-quesada-rojales-vega-baja_odonthlogy-1-300x200.jpg 300w, https:\/\/mariacuadradodental.com\/wp-content\/uploads\/2019\/05\/clinica_denta_algorfa-maria-cuadrado-dentista-amoradi-ciudad-quesada-rojales-vega-baja_odonthlogy-1-768x511.jpg 768w\" sizes=\"(max-width: 1000px) 100vw, 1000px\" \/>\t\t\t\t\t\t\t\t\t\t\t\t\t\t\t<\/div>\n\t\t\t\t<\/div>\n\t\t\t\t\t<\/div>\n\t\t<\/div>\n\t\t\t\t<div class=\"elementor-column elementor-col-33 elementor-top-column elementor-element elementor-element-b5eec68\" data-id=\"b5eec68\" data-element_type=\"column\" data-e-type=\"column\">\n\t\t\t<div class=\"elementor-widget-wrap elementor-element-populated\">\n\t\t\t\t\t\t<div class=\"elementor-element elementor-element-dae0efa elementor-widget elementor-widget-image\" data-id=\"dae0efa\" data-element_type=\"widget\" data-e-type=\"widget\" data-widget_type=\"image.default\">\n\t\t\t\t<div class=\"elementor-widget-container\">\n\t\t\t\t\t\t\t\t\t\t\t\t\t\t\t<img loading=\"lazy\" decoding=\"async\" width=\"1000\" height=\"665\" src=\"https:\/\/mariacuadradodental.com\/wp-content\/uploads\/2019\/05\/clinica_denta_algorfa-maria-cuadrado-dentista-amoradi-ciudad-quesada-rojales-vega-baja_odonthlogy-6.jpg\" class=\"attachment-large size-large wp-image-102\" alt=\"\" srcset=\"https:\/\/mariacuadradodental.com\/wp-content\/uploads\/2019\/05\/clinica_denta_algorfa-maria-cuadrado-dentista-amoradi-ciudad-quesada-rojales-vega-baja_odonthlogy-6.jpg 1000w, https:\/\/mariacuadradodental.com\/wp-content\/uploads\/2019\/05\/clinica_denta_algorfa-maria-cuadrado-dentista-amoradi-ciudad-quesada-rojales-vega-baja_odonthlogy-6-300x200.jpg 300w, https:\/\/mariacuadradodental.com\/wp-content\/uploads\/2019\/05\/clinica_denta_algorfa-maria-cuadrado-dentista-amoradi-ciudad-quesada-rojales-vega-baja_odonthlogy-6-768x511.jpg 768w\" sizes=\"(max-width: 1000px) 100vw, 1000px\" \/>\t\t\t\t\t\t\t\t\t\t\t\t\t\t\t<\/div>\n\t\t\t\t<\/div>\n\t\t\t\t\t<\/div>\n\t\t<\/div>\n\t\t\t\t<div class=\"elementor-column elementor-col-33 elementor-top-column elementor-element elementor-element-09a9c6c\" data-id=\"09a9c6c\" data-element_type=\"column\" data-e-type=\"column\">\n\t\t\t<div class=\"elementor-widget-wrap elementor-element-populated\">\n\t\t\t\t\t\t<div class=\"elementor-element elementor-element-62fcc56 elementor-widget elementor-widget-image\" data-id=\"62fcc56\" data-element_type=\"widget\" data-e-type=\"widget\" data-widget_type=\"image.default\">\n\t\t\t\t<div class=\"elementor-widget-container\">\n\t\t\t\t\t\t\t\t\t\t\t\t\t\t\t<img loading=\"lazy\" decoding=\"async\" width=\"1000\" height=\"665\" src=\"https:\/\/mariacuadradodental.com\/wp-content\/uploads\/2019\/05\/clinica_denta_algorfa-maria-cuadrado-dentista-amoradi-ciudad-quesada-rojales-vega-baja_odonthlogy-3.jpg\" class=\"attachment-large size-large wp-image-116\" alt=\"\" srcset=\"https:\/\/mariacuadradodental.com\/wp-content\/uploads\/2019\/05\/clinica_denta_algorfa-maria-cuadrado-dentista-amoradi-ciudad-quesada-rojales-vega-baja_odonthlogy-3.jpg 1000w, https:\/\/mariacuadradodental.com\/wp-content\/uploads\/2019\/05\/clinica_denta_algorfa-maria-cuadrado-dentista-amoradi-ciudad-quesada-rojales-vega-baja_odonthlogy-3-300x200.jpg 300w, https:\/\/mariacuadradodental.com\/wp-content\/uploads\/2019\/05\/clinica_denta_algorfa-maria-cuadrado-dentista-amoradi-ciudad-quesada-rojales-vega-baja_odonthlogy-3-768x511.jpg 768w\" sizes=\"(max-width: 1000px) 100vw, 1000px\" \/>\t\t\t\t\t\t\t\t\t\t\t\t\t\t\t<\/div>\n\t\t\t\t<\/div>\n\t\t\t\t\t<\/div>\n\t\t<\/div>\n\t\t\t\t\t<\/div>\n\t\t<\/section>\n\t\t\t\t<\/div>","protected":false},"excerpt":{"rendered":"<p>Pr\u00f3tesis En la cl\u00ednica dental Mar\u00eda Cuadrado ofrecemos todas las opciones de pr\u00f3tesis, atendiendo a las caracter\u00edsticas de cada paciente. Disponemos de un laboratorio prot\u00e9sico que cuenta con las t\u00e9cnicas y materiales m\u00e1s avanzados para la elaboraci\u00f3n de pr\u00f3tesis parciales o totales, siempre a la medida de cada paciente y definiendo las caracter\u00edsticas propias de &#8230; <a title=\"Prosthesis\" class=\"read-more\" href=\"https:\/\/mariacuadradodental.com\/en\/protesis\/\" aria-label=\"Read more about Pr\u00f3tesis\">Read more<\/a><\/p>","protected":false},"author":1,"featured_media":0,"parent":0,"menu_order":0,"comment_status":"closed","ping_status":"closed","template":"","meta":{"footnotes":""},"class_list":["post-20","page","type-page","status-publish"],"yoast_head":"<!-- This site is optimized with the Yoast SEO plugin v27.3 - https:\/\/yoast.com\/product\/yoast-seo-wordpress\/ -->\n<title>Pr\u00f3tesis | Mar\u00eda Cuadrado<\/title>\n<meta name=\"robots\" content=\"index, follow, max-snippet:-1, max-image-preview:large, max-video-preview:-1\" \/>\n<link rel=\"canonical\" href=\"https:\/\/mariacuadradodental.com\/en\/protesis\/\" \/>\n<meta property=\"og:locale\" content=\"en_GB\" \/>\n<meta property=\"og:type\" content=\"article\" \/>\n<meta property=\"og:title\" content=\"Pr\u00f3tesis | Mar\u00eda Cuadrado\" \/>\n<meta property=\"og:description\" content=\"Pr\u00f3tesis En la cl\u00ednica dental Mar\u00eda Cuadrado ofrecemos todas las opciones de pr\u00f3tesis, atendiendo a las caracter\u00edsticas de cada paciente. Disponemos de un laboratorio prot\u00e9sico que cuenta con las t\u00e9cnicas y materiales m\u00e1s avanzados para la elaboraci\u00f3n de pr\u00f3tesis parciales o totales, siempre a la medida de cada paciente y definiendo las caracter\u00edsticas propias de ... Read more\" \/>\n<meta property=\"og:url\" content=\"https:\/\/mariacuadradodental.com\/en\/protesis\/\" \/>\n<meta property=\"og:site_name\" content=\"Mar\u00eda Cuadrado\" \/>\n<meta property=\"article:publisher\" content=\"https:\/\/www.facebook.com\/dentalmariacuadrado\/\" \/>\n<meta property=\"article:modified_time\" content=\"2019-05-10T11:54:37+00:00\" \/>\n<meta property=\"og:image\" content=\"http:\/\/mariacuadradodental.com\/wp-content\/uploads\/2019\/05\/protesis-dentales-marfil-den-1024x587.png\" \/>\n<meta name=\"twitter:card\" content=\"summary_large_image\" \/>\n<meta name=\"twitter:label1\" content=\"Estimated reading time\" \/>\n\t<meta name=\"twitter:data1\" content=\"1 minute\" \/>\n<script type=\"application\/ld+json\" class=\"yoast-schema-graph\">{\"@context\":\"https:\\\/\\\/schema.org\",\"@graph\":[{\"@type\":\"WebPage\",\"@id\":\"https:\\\/\\\/mariacuadradodental.com\\\/protesis\\\/\",\"url\":\"https:\\\/\\\/mariacuadradodental.com\\\/protesis\\\/\",\"name\":\"Pr\u00f3tesis | Mar\u00eda Cuadrado\",\"isPartOf\":{\"@id\":\"https:\\\/\\\/mariacuadradodental.com\\\/#website\"},\"primaryImageOfPage\":{\"@id\":\"https:\\\/\\\/mariacuadradodental.com\\\/protesis\\\/#primaryimage\"},\"image\":{\"@id\":\"https:\\\/\\\/mariacuadradodental.com\\\/protesis\\\/#primaryimage\"},\"thumbnailUrl\":\"http:\\\/\\\/mariacuadradodental.com\\\/wp-content\\\/uploads\\\/2019\\\/05\\\/protesis-dentales-marfil-den-1024x587.png\",\"datePublished\":\"2019-04-01T09:10:29+00:00\",\"dateModified\":\"2019-05-10T11:54:37+00:00\",\"breadcrumb\":{\"@id\":\"https:\\\/\\\/mariacuadradodental.com\\\/protesis\\\/#breadcrumb\"},\"inLanguage\":\"en-GB\",\"potentialAction\":[{\"@type\":\"ReadAction\",\"target\":[\"https:\\\/\\\/mariacuadradodental.com\\\/protesis\\\/\"]}]},{\"@type\":\"ImageObject\",\"inLanguage\":\"en-GB\",\"@id\":\"https:\\\/\\\/mariacuadradodental.com\\\/protesis\\\/#primaryimage\",\"url\":\"http:\\\/\\\/mariacuadradodental.com\\\/wp-content\\\/uploads\\\/2019\\\/05\\\/protesis-dentales-marfil-den-1024x587.png\",\"contentUrl\":\"http:\\\/\\\/mariacuadradodental.com\\\/wp-content\\\/uploads\\\/2019\\\/05\\\/protesis-dentales-marfil-den-1024x587.png\"},{\"@type\":\"BreadcrumbList\",\"@id\":\"https:\\\/\\\/mariacuadradodental.com\\\/protesis\\\/#breadcrumb\",\"itemListElement\":[{\"@type\":\"ListItem\",\"position\":1,\"name\":\"Portada\",\"item\":\"https:\\\/\\\/mariacuadradodental.com\\\/\"},{\"@type\":\"ListItem\",\"position\":2,\"name\":\"Pr\u00f3tesis\"}]},{\"@type\":\"WebSite\",\"@id\":\"https:\\\/\\\/mariacuadradodental.com\\\/#website\",\"url\":\"https:\\\/\\\/mariacuadradodental.com\\\/\",\"name\":\"Mar\u00eda Cuadrado\",\"description\":\"Cl\u00ednica Dental\",\"publisher\":{\"@id\":\"https:\\\/\\\/mariacuadradodental.com\\\/#organization\"},\"potentialAction\":[{\"@type\":\"SearchAction\",\"target\":{\"@type\":\"EntryPoint\",\"urlTemplate\":\"https:\\\/\\\/mariacuadradodental.com\\\/?s={search_term_string}\"},\"query-input\":{\"@type\":\"PropertyValueSpecification\",\"valueRequired\":true,\"valueName\":\"search_term_string\"}}],\"inLanguage\":\"en-GB\"},{\"@type\":\"Organization\",\"@id\":\"https:\\\/\\\/mariacuadradodental.com\\\/#organization\",\"name\":\"Cl\u00ednica Dental Algorfa - Mar\u00eda Cuadrado\",\"url\":\"https:\\\/\\\/mariacuadradodental.com\\\/\",\"logo\":{\"@type\":\"ImageObject\",\"inLanguage\":\"en-GB\",\"@id\":\"https:\\\/\\\/mariacuadradodental.com\\\/#\\\/schema\\\/logo\\\/image\\\/\",\"url\":\"https:\\\/\\\/mariacuadradodental.com\\\/wp-content\\\/uploads\\\/2026\\\/04\\\/cropped-mas-de-20-anos-de-experiencia-2.webp\",\"contentUrl\":\"https:\\\/\\\/mariacuadradodental.com\\\/wp-content\\\/uploads\\\/2026\\\/04\\\/cropped-mas-de-20-anos-de-experiencia-2.webp\",\"width\":833,\"height\":315,\"caption\":\"Cl\u00ednica Dental Algorfa - Mar\u00eda Cuadrado\"},\"image\":{\"@id\":\"https:\\\/\\\/mariacuadradodental.com\\\/#\\\/schema\\\/logo\\\/image\\\/\"},\"sameAs\":[\"https:\\\/\\\/www.facebook.com\\\/dentalmariacuadrado\\\/\"]}]}<\/script>\n<!-- \/ Yoast SEO plugin. -->","yoast_head_json":{"title":"Pr\u00f3tesis | Mar\u00eda Cuadrado","robots":{"index":"index","follow":"follow","max-snippet":"max-snippet:-1","max-image-preview":"max-image-preview:large","max-video-preview":"max-video-preview:-1"},"canonical":"https:\/\/mariacuadradodental.com\/en\/protesis\/","og_locale":"en_GB","og_type":"article","og_title":"Pr\u00f3tesis | Mar\u00eda Cuadrado","og_description":"Pr\u00f3tesis En la cl\u00ednica dental Mar\u00eda Cuadrado ofrecemos todas las opciones de pr\u00f3tesis, atendiendo a las caracter\u00edsticas de cada paciente. Disponemos de un laboratorio prot\u00e9sico que cuenta con las t\u00e9cnicas y materiales m\u00e1s avanzados para la elaboraci\u00f3n de pr\u00f3tesis parciales o totales, siempre a la medida de cada paciente y definiendo las caracter\u00edsticas propias de ... Read more","og_url":"https:\/\/mariacuadradodental.com\/en\/protesis\/","og_site_name":"Mar\u00eda Cuadrado","article_publisher":"https:\/\/www.facebook.com\/dentalmariacuadrado\/","article_modified_time":"2019-05-10T11:54:37+00:00","og_image":[{"url":"http:\/\/mariacuadradodental.com\/wp-content\/uploads\/2019\/05\/protesis-dentales-marfil-den-1024x587.png","type":"","width":"","height":""}],"twitter_card":"summary_large_image","twitter_misc":{"Estimated reading time":"1 minute"},"schema":{"@context":"https:\/\/schema.org","@graph":[{"@type":"WebPage","@id":"https:\/\/mariacuadradodental.com\/protesis\/","url":"https:\/\/mariacuadradodental.com\/protesis\/","name":"Pr\u00f3tesis | Mar\u00eda Cuadrado","isPartOf":{"@id":"https:\/\/mariacuadradodental.com\/#website"},"primaryImageOfPage":{"@id":"https:\/\/mariacuadradodental.com\/protesis\/#primaryimage"},"image":{"@id":"https:\/\/mariacuadradodental.com\/protesis\/#primaryimage"},"thumbnailUrl":"http:\/\/mariacuadradodental.com\/wp-content\/uploads\/2019\/05\/protesis-dentales-marfil-den-1024x587.png","datePublished":"2019-04-01T09:10:29+00:00","dateModified":"2019-05-10T11:54:37+00:00","breadcrumb":{"@id":"https:\/\/mariacuadradodental.com\/protesis\/#breadcrumb"},"inLanguage":"en-GB","potentialAction":[{"@type":"ReadAction","target":["https:\/\/mariacuadradodental.com\/protesis\/"]}]},{"@type":"ImageObject","inLanguage":"en-GB","@id":"https:\/\/mariacuadradodental.com\/protesis\/#primaryimage","url":"http:\/\/mariacuadradodental.com\/wp-content\/uploads\/2019\/05\/protesis-dentales-marfil-den-1024x587.png","contentUrl":"http:\/\/mariacuadradodental.com\/wp-content\/uploads\/2019\/05\/protesis-dentales-marfil-den-1024x587.png"},{"@type":"BreadcrumbList","@id":"https:\/\/mariacuadradodental.com\/protesis\/#breadcrumb","itemListElement":[{"@type":"ListItem","position":1,"name":"Portada","item":"https:\/\/mariacuadradodental.com\/"},{"@type":"ListItem","position":2,"name":"Pr\u00f3tesis"}]},{"@type":"WebSite","@id":"https:\/\/mariacuadradodental.com\/#website","url":"https:\/\/mariacuadradodental.com\/","name":"Mar\u00eda Cuadrado","description":"Cl\u00ednica Dental","publisher":{"@id":"https:\/\/mariacuadradodental.com\/#organization"},"potentialAction":[{"@type":"SearchAction","target":{"@type":"EntryPoint","urlTemplate":"https:\/\/mariacuadradodental.com\/?s={search_term_string}"},"query-input":{"@type":"PropertyValueSpecification","valueRequired":true,"valueName":"search_term_string"}}],"inLanguage":"en-GB"},{"@type":"Organization","@id":"https:\/\/mariacuadradodental.com\/#organization","name":"Cl\u00ednica Dental Algorfa - Mar\u00eda Cuadrado","url":"https:\/\/mariacuadradodental.com\/","logo":{"@type":"ImageObject","inLanguage":"en-GB","@id":"https:\/\/mariacuadradodental.com\/#\/schema\/logo\/image\/","url":"https:\/\/mariacuadradodental.com\/wp-content\/uploads\/2026\/04\/cropped-mas-de-20-anos-de-experiencia-2.webp","contentUrl":"https:\/\/mariacuadradodental.com\/wp-content\/uploads\/2026\/04\/cropped-mas-de-20-anos-de-experiencia-2.webp","width":833,"height":315,"caption":"Cl\u00ednica Dental Algorfa - Mar\u00eda Cuadrado"},"image":{"@id":"https:\/\/mariacuadradodental.com\/#\/schema\/logo\/image\/"},"sameAs":["https:\/\/www.facebook.com\/dentalmariacuadrado\/"]}]}},"_links":{"self":[{"href":"https:\/\/mariacuadradodental.com\/en\/wp-json\/wp\/v2\/pages\/20","targetHints":{"allow":["GET"]}}],"collection":[{"href":"https:\/\/mariacuadradodental.com\/en\/wp-json\/wp\/v2\/pages"}],"about":[{"href":"https:\/\/mariacuadradodental.com\/en\/wp-json\/wp\/v2\/types\/page"}],"author":[{"embeddable":true,"href":"https:\/\/mariacuadradodental.com\/en\/wp-json\/wp\/v2\/users\/1"}],"replies":[{"embeddable":true,"href":"https:\/\/mariacuadradodental.com\/en\/wp-json\/wp\/v2\/comments?post=20"}],"version-history":[{"count":5,"href":"https:\/\/mariacuadradodental.com\/en\/wp-json\/wp\/v2\/pages\/20\/revisions"}],"predecessor-version":[{"id":158,"href":"https:\/\/mariacuadradodental.com\/en\/wp-json\/wp\/v2\/pages\/20\/revisions\/158"}],"wp:attachment":[{"href":"https:\/\/mariacuadradodental.com\/en\/wp-json\/wp\/v2\/media?parent=20"}],"curies":[{"name":"wp","href":"https:\/\/api.w.org\/{rel}","templated":true}]}}