{"id":22,"date":"2019-04-01T09:10:43","date_gmt":"2019-04-01T09:10:43","guid":{"rendered":"http:\/\/mariacuadradodental.com\/?page_id=22"},"modified":"2019-06-04T09:37:14","modified_gmt":"2019-06-04T09:37:14","slug":"odontologia-general","status":"publish","type":"page","link":"https:\/\/mariacuadradodental.com\/en\/odontologia-general\/","title":{"rendered":"General dentistry"},"content":{"rendered":"<div data-elementor-type=\"wp-post\" data-elementor-id=\"22\" class=\"elementor elementor-22\">\n\t\t\t\t\t\t<section class=\"elementor-section elementor-top-section elementor-element elementor-element-ffec1ea elementor-section-boxed elementor-section-height-default elementor-section-height-default\" data-id=\"ffec1ea\" data-element_type=\"section\" data-e-type=\"section\">\n\t\t\t\t\t\t<div class=\"elementor-container elementor-column-gap-default\">\n\t\t\t\t\t<div class=\"elementor-column elementor-col-100 elementor-top-column elementor-element elementor-element-38a4fce\" data-id=\"38a4fce\" data-element_type=\"column\" data-e-type=\"column\">\n\t\t\t<div class=\"elementor-widget-wrap elementor-element-populated\">\n\t\t\t\t\t\t<div class=\"elementor-element elementor-element-f215ec6 elementor-widget elementor-widget-spacer\" data-id=\"f215ec6\" data-element_type=\"widget\" data-e-type=\"widget\" data-widget_type=\"spacer.default\">\n\t\t\t\t<div class=\"elementor-widget-container\">\n\t\t\t\t\t\t\t<div class=\"elementor-spacer\">\n\t\t\t<div class=\"elementor-spacer-inner\"><\/div>\n\t\t<\/div>\n\t\t\t\t\t\t<\/div>\n\t\t\t\t<\/div>\n\t\t\t\t\t<\/div>\n\t\t<\/div>\n\t\t\t\t\t<\/div>\n\t\t<\/section>\n\t\t\t\t<section class=\"elementor-section elementor-top-section elementor-element elementor-element-4f44ff0 elementor-section-boxed elementor-section-height-default elementor-section-height-default\" data-id=\"4f44ff0\" data-element_type=\"section\" data-e-type=\"section\">\n\t\t\t\t\t\t<div class=\"elementor-container elementor-column-gap-default\">\n\t\t\t\t\t<div class=\"elementor-column elementor-col-50 elementor-top-column elementor-element elementor-element-0c9d4cf\" data-id=\"0c9d4cf\" data-element_type=\"column\" data-e-type=\"column\">\n\t\t\t<div class=\"elementor-widget-wrap elementor-element-populated\">\n\t\t\t\t\t\t<div class=\"elementor-element elementor-element-cca4411 elementor-widget elementor-widget-text-editor\" data-id=\"cca4411\" data-element_type=\"widget\" data-e-type=\"widget\" data-widget_type=\"text-editor.default\">\n\t\t\t\t<div class=\"elementor-widget-container\">\n\t\t\t\t\t\t\t\t\t<h2 style=\"text-align: justify;\">General dentistry<\/h2><p style=\"text-align: justify;\">At our dental clinic, in addition to specialized treatments, we offer all types of dental care\u2014from a simple cavity treatment to the replacement of teeth. At Mar\u00eda Cuadrado, we have the best dental team to study and address your case in order to provide you with the most suitable treatment.<\/p><p style=\"text-align: justify;\">We will offer you fully personalized care focused on your complete satisfaction with any of our treatments. Tell us about your concern, and we will find the right solution for you.<\/p><p>\u00a0<\/p><p>\u00a0<\/p>\t\t\t\t\t\t\t\t<\/div>\n\t\t\t\t<\/div>\n\t\t\t\t\t<\/div>\n\t\t<\/div>\n\t\t\t\t<div class=\"elementor-column elementor-col-50 elementor-top-column elementor-element elementor-element-bab79af\" data-id=\"bab79af\" data-element_type=\"column\" data-e-type=\"column\">\n\t\t\t<div class=\"elementor-widget-wrap elementor-element-populated\">\n\t\t\t\t\t\t<div class=\"elementor-element elementor-element-3533448 elementor-widget elementor-widget-image\" data-id=\"3533448\" data-element_type=\"widget\" data-e-type=\"widget\" data-widget_type=\"image.default\">\n\t\t\t\t<div class=\"elementor-widget-container\">\n\t\t\t\t\t\t\t\t\t\t\t\t\t\t\t<img fetchpriority=\"high\" decoding=\"async\" width=\"847\" height=\"565\" src=\"https:\/\/mariacuadradodental.com\/wp-content\/uploads\/2019\/05\/30529448_s.jpg\" class=\"attachment-large size-large wp-image-167\" alt=\"\" srcset=\"https:\/\/mariacuadradodental.com\/wp-content\/uploads\/2019\/05\/30529448_s.jpg 847w, https:\/\/mariacuadradodental.com\/wp-content\/uploads\/2019\/05\/30529448_s-300x200.jpg 300w, https:\/\/mariacuadradodental.com\/wp-content\/uploads\/2019\/05\/30529448_s-768x512.jpg 768w\" sizes=\"(max-width: 847px) 100vw, 847px\" \/>\t\t\t\t\t\t\t\t\t\t\t\t\t\t\t<\/div>\n\t\t\t\t<\/div>\n\t\t\t\t\t<\/div>\n\t\t<\/div>\n\t\t\t\t\t<\/div>\n\t\t<\/section>\n\t\t\t\t<section class=\"elementor-section elementor-top-section elementor-element elementor-element-dd652fa elementor-section-boxed elementor-section-height-default elementor-section-height-default\" data-id=\"dd652fa\" data-element_type=\"section\" data-e-type=\"section\">\n\t\t\t\t\t\t<div class=\"elementor-container elementor-column-gap-default\">\n\t\t\t\t\t<div class=\"elementor-column elementor-col-100 elementor-top-column elementor-element elementor-element-e6aa7b7\" data-id=\"e6aa7b7\" data-element_type=\"column\" data-e-type=\"column\">\n\t\t\t<div class=\"elementor-widget-wrap elementor-element-populated\">\n\t\t\t\t\t\t<div class=\"elementor-element elementor-element-84979f7 elementor-widget elementor-widget-spacer\" data-id=\"84979f7\" data-element_type=\"widget\" data-e-type=\"widget\" data-widget_type=\"spacer.default\">\n\t\t\t\t<div class=\"elementor-widget-container\">\n\t\t\t\t\t\t\t<div class=\"elementor-spacer\">\n\t\t\t<div class=\"elementor-spacer-inner\"><\/div>\n\t\t<\/div>\n\t\t\t\t\t\t<\/div>\n\t\t\t\t<\/div>\n\t\t\t\t\t<\/div>\n\t\t<\/div>\n\t\t\t\t\t<\/div>\n\t\t<\/section>\n\t\t\t\t<section class=\"elementor-section elementor-top-section elementor-element elementor-element-52c2ce9 elementor-section-boxed elementor-section-height-default elementor-section-height-default\" data-id=\"52c2ce9\" data-element_type=\"section\" data-e-type=\"section\">\n\t\t\t\t\t\t<div class=\"elementor-container elementor-column-gap-default\">\n\t\t\t\t\t<div class=\"elementor-column elementor-col-50 elementor-top-column elementor-element elementor-element-ee18dd2\" data-id=\"ee18dd2\" data-element_type=\"column\" data-e-type=\"column\">\n\t\t\t<div class=\"elementor-widget-wrap elementor-element-populated\">\n\t\t\t\t\t\t<div class=\"elementor-element elementor-element-a075043 elementor-widget elementor-widget-image\" data-id=\"a075043\" data-element_type=\"widget\" data-e-type=\"widget\" data-widget_type=\"image.default\">\n\t\t\t\t<div class=\"elementor-widget-container\">\n\t\t\t\t\t\t\t\t\t\t\t\t\t\t\t<img decoding=\"async\" width=\"768\" height=\"511\" src=\"https:\/\/mariacuadradodental.com\/wp-content\/uploads\/2019\/05\/clinica_denta_algorfa-maria-cuadrado-dentista-amoradi-ciudad-quesada-rojales-vega-baja_odonthlogy-15-768x511.jpg\" class=\"attachment-medium_large size-medium_large wp-image-110\" alt=\"\" srcset=\"https:\/\/mariacuadradodental.com\/wp-content\/uploads\/2019\/05\/clinica_denta_algorfa-maria-cuadrado-dentista-amoradi-ciudad-quesada-rojales-vega-baja_odonthlogy-15-768x511.jpg 768w, https:\/\/mariacuadradodental.com\/wp-content\/uploads\/2019\/05\/clinica_denta_algorfa-maria-cuadrado-dentista-amoradi-ciudad-quesada-rojales-vega-baja_odonthlogy-15-300x200.jpg 300w, https:\/\/mariacuadradodental.com\/wp-content\/uploads\/2019\/05\/clinica_denta_algorfa-maria-cuadrado-dentista-amoradi-ciudad-quesada-rojales-vega-baja_odonthlogy-15.jpg 1000w\" sizes=\"(max-width: 768px) 100vw, 768px\" \/>\t\t\t\t\t\t\t\t\t\t\t\t\t\t\t<\/div>\n\t\t\t\t<\/div>\n\t\t\t\t\t<\/div>\n\t\t<\/div>\n\t\t\t\t<div class=\"elementor-column elementor-col-50 elementor-top-column elementor-element elementor-element-e172f75\" data-id=\"e172f75\" data-element_type=\"column\" data-e-type=\"column\">\n\t\t\t<div class=\"elementor-widget-wrap elementor-element-populated\">\n\t\t\t\t\t\t<div class=\"elementor-element elementor-element-008a7a8 elementor-widget elementor-widget-text-editor\" data-id=\"008a7a8\" data-element_type=\"widget\" data-e-type=\"widget\" data-widget_type=\"text-editor.default\">\n\t\t\t\t<div class=\"elementor-widget-container\">\n\t\t\t\t\t\t\t\t\t<h2>Most requested treatments:<\/h2><div class=\"col-xs-12 col-sm-12 col-md-6 col-lg-6\"><div class=\"box_tratamientos\"><div class=\"blue_box\"><ul><li>Crooked Teeth<\/li><li>Sensitive Teeth<\/li><li>Tooth extraction<\/li><li>Root Canal Treatment<\/li><li>Periodontics<\/li><li>Cavities<\/li><li>Bruxism<\/li><li>Implantology<\/li><li>Teeth Whitening<\/li><li>Bad Breath<\/li><\/ul><\/div><\/div><\/div>\t\t\t\t\t\t\t\t<\/div>\n\t\t\t\t<\/div>\n\t\t\t\t\t<\/div>\n\t\t<\/div>\n\t\t\t\t\t<\/div>\n\t\t<\/section>\n\t\t\t\t<section class=\"elementor-section elementor-top-section elementor-element elementor-element-174c39c elementor-section-boxed elementor-section-height-default elementor-section-height-default\" data-id=\"174c39c\" data-element_type=\"section\" data-e-type=\"section\">\n\t\t\t\t\t\t<div class=\"elementor-container elementor-column-gap-default\">\n\t\t\t\t\t<div class=\"elementor-column elementor-col-100 elementor-top-column elementor-element elementor-element-b6fc78a\" data-id=\"b6fc78a\" data-element_type=\"column\" data-e-type=\"column\">\n\t\t\t<div class=\"elementor-widget-wrap elementor-element-populated\">\n\t\t\t\t\t\t<div class=\"elementor-element elementor-element-34c4f12 elementor-widget-divider--view-line elementor-widget elementor-widget-divider\" data-id=\"34c4f12\" data-element_type=\"widget\" data-e-type=\"widget\" data-widget_type=\"divider.default\">\n\t\t\t\t<div class=\"elementor-widget-container\">\n\t\t\t\t\t\t\t<div class=\"elementor-divider\">\n\t\t\t<span class=\"elementor-divider-separator\">\n\t\t\t\t\t\t<\/span>\n\t\t<\/div>\n\t\t\t\t\t\t<\/div>\n\t\t\t\t<\/div>\n\t\t\t\t<div class=\"elementor-element elementor-element-e8cef8d elementor-widget elementor-widget-text-editor\" data-id=\"e8cef8d\" data-element_type=\"widget\" data-e-type=\"widget\" data-widget_type=\"text-editor.default\">\n\t\t\t\t<div class=\"elementor-widget-container\">\n\t\t\t\t\t\t\t\t\t<h2 style=\"text-align: center;\">Request information with no obligation<\/h2><h1 style=\"text-align: center;\"><strong>966 78 36 45<\/strong><\/h1><p>\u00a0<\/p>\t\t\t\t\t\t\t\t<\/div>\n\t\t\t\t<\/div>\n\t\t\t\t\t<\/div>\n\t\t<\/div>\n\t\t\t\t\t<\/div>\n\t\t<\/section>\n\t\t\t\t<section class=\"elementor-section elementor-top-section elementor-element elementor-element-b5fb812 elementor-section-boxed elementor-section-height-default elementor-section-height-default\" data-id=\"b5fb812\" data-element_type=\"section\" data-e-type=\"section\">\n\t\t\t\t\t\t<div class=\"elementor-container elementor-column-gap-default\">\n\t\t\t\t\t<div class=\"elementor-column elementor-col-33 elementor-top-column elementor-element elementor-element-7530021\" data-id=\"7530021\" data-element_type=\"column\" data-e-type=\"column\">\n\t\t\t<div class=\"elementor-widget-wrap elementor-element-populated\">\n\t\t\t\t\t\t<div class=\"elementor-element elementor-element-0bdd679 elementor-widget elementor-widget-image\" data-id=\"0bdd679\" data-element_type=\"widget\" data-e-type=\"widget\" data-widget_type=\"image.default\">\n\t\t\t\t<div class=\"elementor-widget-container\">\n\t\t\t\t\t\t\t\t\t\t\t\t\t\t\t<img decoding=\"async\" width=\"1000\" height=\"665\" src=\"https:\/\/mariacuadradodental.com\/wp-content\/uploads\/2019\/05\/clinica_denta_algorfa-maria-cuadrado-dentista-amoradi-ciudad-quesada-rojales-vega-baja_odonthlogy-4.jpg\" class=\"attachment-large size-large wp-image-117\" alt=\"\" srcset=\"https:\/\/mariacuadradodental.com\/wp-content\/uploads\/2019\/05\/clinica_denta_algorfa-maria-cuadrado-dentista-amoradi-ciudad-quesada-rojales-vega-baja_odonthlogy-4.jpg 1000w, https:\/\/mariacuadradodental.com\/wp-content\/uploads\/2019\/05\/clinica_denta_algorfa-maria-cuadrado-dentista-amoradi-ciudad-quesada-rojales-vega-baja_odonthlogy-4-300x200.jpg 300w, https:\/\/mariacuadradodental.com\/wp-content\/uploads\/2019\/05\/clinica_denta_algorfa-maria-cuadrado-dentista-amoradi-ciudad-quesada-rojales-vega-baja_odonthlogy-4-768x511.jpg 768w\" sizes=\"(max-width: 1000px) 100vw, 1000px\" \/>\t\t\t\t\t\t\t\t\t\t\t\t\t\t\t<\/div>\n\t\t\t\t<\/div>\n\t\t\t\t\t<\/div>\n\t\t<\/div>\n\t\t\t\t<div class=\"elementor-column elementor-col-33 elementor-top-column elementor-element elementor-element-89672be\" data-id=\"89672be\" data-element_type=\"column\" data-e-type=\"column\">\n\t\t\t<div class=\"elementor-widget-wrap elementor-element-populated\">\n\t\t\t\t\t\t<div class=\"elementor-element elementor-element-94195c2 elementor-widget elementor-widget-image\" data-id=\"94195c2\" data-element_type=\"widget\" data-e-type=\"widget\" data-widget_type=\"image.default\">\n\t\t\t\t<div class=\"elementor-widget-container\">\n\t\t\t\t\t\t\t\t\t\t\t\t\t\t\t<img loading=\"lazy\" decoding=\"async\" width=\"1000\" height=\"665\" src=\"https:\/\/mariacuadradodental.com\/wp-content\/uploads\/2019\/05\/clinica_denta_algorfa-maria-cuadrado-dentista-amoradi-ciudad-quesada-rojales-vega-baja_odonthlogy-5.jpg\" class=\"attachment-large size-large wp-image-101\" alt=\"\" srcset=\"https:\/\/mariacuadradodental.com\/wp-content\/uploads\/2019\/05\/clinica_denta_algorfa-maria-cuadrado-dentista-amoradi-ciudad-quesada-rojales-vega-baja_odonthlogy-5.jpg 1000w, https:\/\/mariacuadradodental.com\/wp-content\/uploads\/2019\/05\/clinica_denta_algorfa-maria-cuadrado-dentista-amoradi-ciudad-quesada-rojales-vega-baja_odonthlogy-5-300x200.jpg 300w, https:\/\/mariacuadradodental.com\/wp-content\/uploads\/2019\/05\/clinica_denta_algorfa-maria-cuadrado-dentista-amoradi-ciudad-quesada-rojales-vega-baja_odonthlogy-5-768x511.jpg 768w\" sizes=\"(max-width: 1000px) 100vw, 1000px\" \/>\t\t\t\t\t\t\t\t\t\t\t\t\t\t\t<\/div>\n\t\t\t\t<\/div>\n\t\t\t\t\t<\/div>\n\t\t<\/div>\n\t\t\t\t<div class=\"elementor-column elementor-col-33 elementor-top-column elementor-element elementor-element-661aa4f\" data-id=\"661aa4f\" data-element_type=\"column\" data-e-type=\"column\">\n\t\t\t<div class=\"elementor-widget-wrap elementor-element-populated\">\n\t\t\t\t\t\t<div class=\"elementor-element elementor-element-6761292 elementor-widget elementor-widget-image\" data-id=\"6761292\" data-element_type=\"widget\" data-e-type=\"widget\" data-widget_type=\"image.default\">\n\t\t\t\t<div class=\"elementor-widget-container\">\n\t\t\t\t\t\t\t\t\t\t\t\t\t\t\t<img loading=\"lazy\" decoding=\"async\" width=\"1000\" height=\"665\" src=\"https:\/\/mariacuadradodental.com\/wp-content\/uploads\/2019\/05\/clinica_denta_algorfa-maria-cuadrado-dentista-amoradi-ciudad-quesada-rojales-vega-baja_odonthlogy-9.jpg\" class=\"attachment-large size-large wp-image-105\" alt=\"\" srcset=\"https:\/\/mariacuadradodental.com\/wp-content\/uploads\/2019\/05\/clinica_denta_algorfa-maria-cuadrado-dentista-amoradi-ciudad-quesada-rojales-vega-baja_odonthlogy-9.jpg 1000w, https:\/\/mariacuadradodental.com\/wp-content\/uploads\/2019\/05\/clinica_denta_algorfa-maria-cuadrado-dentista-amoradi-ciudad-quesada-rojales-vega-baja_odonthlogy-9-300x200.jpg 300w, https:\/\/mariacuadradodental.com\/wp-content\/uploads\/2019\/05\/clinica_denta_algorfa-maria-cuadrado-dentista-amoradi-ciudad-quesada-rojales-vega-baja_odonthlogy-9-768x511.jpg 768w\" sizes=\"(max-width: 1000px) 100vw, 1000px\" \/>\t\t\t\t\t\t\t\t\t\t\t\t\t\t\t<\/div>\n\t\t\t\t<\/div>\n\t\t\t\t\t<\/div>\n\t\t<\/div>\n\t\t\t\t\t<\/div>\n\t\t<\/section>\n\t\t\t\t<\/div>","protected":false},"excerpt":{"rendered":"<p>Odontolog\u00eda General En nuestra cl\u00ednica dental, adem\u00e1s de ofrecer los tratamientos especializados, ofrecemos cualquier tipo de tratamiento dental. Desde un simple tratamiento de caries hasta la sustituci\u00f3n de las piezas dentales. En Mar\u00eda cuadrado contamos con el mejor equipo odontol\u00f3gico que estudiar\u00e1 y abordar\u00e1 tu caso para plantearte el mejor tratamiento dental. Te ofreceremos un &#8230; <a title=\"General dentistry\" class=\"read-more\" href=\"https:\/\/mariacuadradodental.com\/en\/odontologia-general\/\" aria-label=\"Read more about Odontolog\u00eda General\">Read more<\/a><\/p>","protected":false},"author":1,"featured_media":0,"parent":0,"menu_order":0,"comment_status":"closed","ping_status":"closed","template":"","meta":{"footnotes":""},"class_list":["post-22","page","type-page","status-publish"],"yoast_head":"<!-- This site is optimized with the Yoast SEO plugin v27.3 - https:\/\/yoast.com\/product\/yoast-seo-wordpress\/ -->\n<title>Odontolog\u00eda General | Mar\u00eda Cuadrado<\/title>\n<meta name=\"robots\" content=\"index, follow, max-snippet:-1, max-image-preview:large, max-video-preview:-1\" \/>\n<link rel=\"canonical\" href=\"https:\/\/mariacuadradodental.com\/en\/odontologia-general\/\" \/>\n<meta property=\"og:locale\" content=\"en_GB\" \/>\n<meta property=\"og:type\" content=\"article\" \/>\n<meta property=\"og:title\" content=\"Odontolog\u00eda General | Mar\u00eda Cuadrado\" \/>\n<meta property=\"og:description\" content=\"Odontolog\u00eda General En nuestra cl\u00ednica dental, adem\u00e1s de ofrecer los tratamientos especializados, ofrecemos cualquier tipo de tratamiento dental. Desde un simple tratamiento de caries hasta la sustituci\u00f3n de las piezas dentales. En Mar\u00eda cuadrado contamos con el mejor equipo odontol\u00f3gico que estudiar\u00e1 y abordar\u00e1 tu caso para plantearte el mejor tratamiento dental. Te ofreceremos un ... Read more\" \/>\n<meta property=\"og:url\" content=\"https:\/\/mariacuadradodental.com\/en\/odontologia-general\/\" \/>\n<meta property=\"og:site_name\" content=\"Mar\u00eda Cuadrado\" \/>\n<meta property=\"article:publisher\" content=\"https:\/\/www.facebook.com\/dentalmariacuadrado\/\" \/>\n<meta property=\"article:modified_time\" content=\"2019-06-04T09:37:14+00:00\" \/>\n<meta property=\"og:image\" content=\"http:\/\/mariacuadradodental.com\/wp-content\/uploads\/2019\/05\/30529448_s.jpg\" \/>\n<meta name=\"twitter:card\" content=\"summary_large_image\" \/>\n<meta name=\"twitter:label1\" content=\"Estimated reading time\" \/>\n\t<meta name=\"twitter:data1\" content=\"1 minute\" \/>\n<script type=\"application\/ld+json\" class=\"yoast-schema-graph\">{\"@context\":\"https:\\\/\\\/schema.org\",\"@graph\":[{\"@type\":\"WebPage\",\"@id\":\"https:\\\/\\\/mariacuadradodental.com\\\/odontologia-general\\\/\",\"url\":\"https:\\\/\\\/mariacuadradodental.com\\\/odontologia-general\\\/\",\"name\":\"Odontolog\u00eda General | Mar\u00eda Cuadrado\",\"isPartOf\":{\"@id\":\"https:\\\/\\\/mariacuadradodental.com\\\/#website\"},\"primaryImageOfPage\":{\"@id\":\"https:\\\/\\\/mariacuadradodental.com\\\/odontologia-general\\\/#primaryimage\"},\"image\":{\"@id\":\"https:\\\/\\\/mariacuadradodental.com\\\/odontologia-general\\\/#primaryimage\"},\"thumbnailUrl\":\"http:\\\/\\\/mariacuadradodental.com\\\/wp-content\\\/uploads\\\/2019\\\/05\\\/30529448_s.jpg\",\"datePublished\":\"2019-04-01T09:10:43+00:00\",\"dateModified\":\"2019-06-04T09:37:14+00:00\",\"breadcrumb\":{\"@id\":\"https:\\\/\\\/mariacuadradodental.com\\\/odontologia-general\\\/#breadcrumb\"},\"inLanguage\":\"en-GB\",\"potentialAction\":[{\"@type\":\"ReadAction\",\"target\":[\"https:\\\/\\\/mariacuadradodental.com\\\/odontologia-general\\\/\"]}]},{\"@type\":\"ImageObject\",\"inLanguage\":\"en-GB\",\"@id\":\"https:\\\/\\\/mariacuadradodental.com\\\/odontologia-general\\\/#primaryimage\",\"url\":\"http:\\\/\\\/mariacuadradodental.com\\\/wp-content\\\/uploads\\\/2019\\\/05\\\/30529448_s.jpg\",\"contentUrl\":\"http:\\\/\\\/mariacuadradodental.com\\\/wp-content\\\/uploads\\\/2019\\\/05\\\/30529448_s.jpg\"},{\"@type\":\"BreadcrumbList\",\"@id\":\"https:\\\/\\\/mariacuadradodental.com\\\/odontologia-general\\\/#breadcrumb\",\"itemListElement\":[{\"@type\":\"ListItem\",\"position\":1,\"name\":\"Portada\",\"item\":\"https:\\\/\\\/mariacuadradodental.com\\\/\"},{\"@type\":\"ListItem\",\"position\":2,\"name\":\"Odontolog\u00eda General\"}]},{\"@type\":\"WebSite\",\"@id\":\"https:\\\/\\\/mariacuadradodental.com\\\/#website\",\"url\":\"https:\\\/\\\/mariacuadradodental.com\\\/\",\"name\":\"Mar\u00eda Cuadrado\",\"description\":\"Cl\u00ednica Dental\",\"publisher\":{\"@id\":\"https:\\\/\\\/mariacuadradodental.com\\\/#organization\"},\"potentialAction\":[{\"@type\":\"SearchAction\",\"target\":{\"@type\":\"EntryPoint\",\"urlTemplate\":\"https:\\\/\\\/mariacuadradodental.com\\\/?s={search_term_string}\"},\"query-input\":{\"@type\":\"PropertyValueSpecification\",\"valueRequired\":true,\"valueName\":\"search_term_string\"}}],\"inLanguage\":\"en-GB\"},{\"@type\":\"Organization\",\"@id\":\"https:\\\/\\\/mariacuadradodental.com\\\/#organization\",\"name\":\"Cl\u00ednica Dental Algorfa - Mar\u00eda Cuadrado\",\"url\":\"https:\\\/\\\/mariacuadradodental.com\\\/\",\"logo\":{\"@type\":\"ImageObject\",\"inLanguage\":\"en-GB\",\"@id\":\"https:\\\/\\\/mariacuadradodental.com\\\/#\\\/schema\\\/logo\\\/image\\\/\",\"url\":\"https:\\\/\\\/mariacuadradodental.com\\\/wp-content\\\/uploads\\\/2026\\\/04\\\/cropped-mas-de-20-anos-de-experiencia-2.webp\",\"contentUrl\":\"https:\\\/\\\/mariacuadradodental.com\\\/wp-content\\\/uploads\\\/2026\\\/04\\\/cropped-mas-de-20-anos-de-experiencia-2.webp\",\"width\":833,\"height\":315,\"caption\":\"Cl\u00ednica Dental Algorfa - Mar\u00eda Cuadrado\"},\"image\":{\"@id\":\"https:\\\/\\\/mariacuadradodental.com\\\/#\\\/schema\\\/logo\\\/image\\\/\"},\"sameAs\":[\"https:\\\/\\\/www.facebook.com\\\/dentalmariacuadrado\\\/\"]}]}<\/script>\n<!-- \/ Yoast SEO plugin. -->","yoast_head_json":{"title":"Odontolog\u00eda General | Mar\u00eda Cuadrado","robots":{"index":"index","follow":"follow","max-snippet":"max-snippet:-1","max-image-preview":"max-image-preview:large","max-video-preview":"max-video-preview:-1"},"canonical":"https:\/\/mariacuadradodental.com\/en\/odontologia-general\/","og_locale":"en_GB","og_type":"article","og_title":"Odontolog\u00eda General | Mar\u00eda Cuadrado","og_description":"Odontolog\u00eda General En nuestra cl\u00ednica dental, adem\u00e1s de ofrecer los tratamientos especializados, ofrecemos cualquier tipo de tratamiento dental. Desde un simple tratamiento de caries hasta la sustituci\u00f3n de las piezas dentales. En Mar\u00eda cuadrado contamos con el mejor equipo odontol\u00f3gico que estudiar\u00e1 y abordar\u00e1 tu caso para plantearte el mejor tratamiento dental. Te ofreceremos un ... Read more","og_url":"https:\/\/mariacuadradodental.com\/en\/odontologia-general\/","og_site_name":"Mar\u00eda Cuadrado","article_publisher":"https:\/\/www.facebook.com\/dentalmariacuadrado\/","article_modified_time":"2019-06-04T09:37:14+00:00","og_image":[{"url":"http:\/\/mariacuadradodental.com\/wp-content\/uploads\/2019\/05\/30529448_s.jpg","type":"","width":"","height":""}],"twitter_card":"summary_large_image","twitter_misc":{"Estimated reading time":"1 minute"},"schema":{"@context":"https:\/\/schema.org","@graph":[{"@type":"WebPage","@id":"https:\/\/mariacuadradodental.com\/odontologia-general\/","url":"https:\/\/mariacuadradodental.com\/odontologia-general\/","name":"Odontolog\u00eda General | Mar\u00eda Cuadrado","isPartOf":{"@id":"https:\/\/mariacuadradodental.com\/#website"},"primaryImageOfPage":{"@id":"https:\/\/mariacuadradodental.com\/odontologia-general\/#primaryimage"},"image":{"@id":"https:\/\/mariacuadradodental.com\/odontologia-general\/#primaryimage"},"thumbnailUrl":"http:\/\/mariacuadradodental.com\/wp-content\/uploads\/2019\/05\/30529448_s.jpg","datePublished":"2019-04-01T09:10:43+00:00","dateModified":"2019-06-04T09:37:14+00:00","breadcrumb":{"@id":"https:\/\/mariacuadradodental.com\/odontologia-general\/#breadcrumb"},"inLanguage":"en-GB","potentialAction":[{"@type":"ReadAction","target":["https:\/\/mariacuadradodental.com\/odontologia-general\/"]}]},{"@type":"ImageObject","inLanguage":"en-GB","@id":"https:\/\/mariacuadradodental.com\/odontologia-general\/#primaryimage","url":"http:\/\/mariacuadradodental.com\/wp-content\/uploads\/2019\/05\/30529448_s.jpg","contentUrl":"http:\/\/mariacuadradodental.com\/wp-content\/uploads\/2019\/05\/30529448_s.jpg"},{"@type":"BreadcrumbList","@id":"https:\/\/mariacuadradodental.com\/odontologia-general\/#breadcrumb","itemListElement":[{"@type":"ListItem","position":1,"name":"Portada","item":"https:\/\/mariacuadradodental.com\/"},{"@type":"ListItem","position":2,"name":"Odontolog\u00eda General"}]},{"@type":"WebSite","@id":"https:\/\/mariacuadradodental.com\/#website","url":"https:\/\/mariacuadradodental.com\/","name":"Mar\u00eda Cuadrado","description":"Cl\u00ednica Dental","publisher":{"@id":"https:\/\/mariacuadradodental.com\/#organization"},"potentialAction":[{"@type":"SearchAction","target":{"@type":"EntryPoint","urlTemplate":"https:\/\/mariacuadradodental.com\/?s={search_term_string}"},"query-input":{"@type":"PropertyValueSpecification","valueRequired":true,"valueName":"search_term_string"}}],"inLanguage":"en-GB"},{"@type":"Organization","@id":"https:\/\/mariacuadradodental.com\/#organization","name":"Cl\u00ednica Dental Algorfa - Mar\u00eda Cuadrado","url":"https:\/\/mariacuadradodental.com\/","logo":{"@type":"ImageObject","inLanguage":"en-GB","@id":"https:\/\/mariacuadradodental.com\/#\/schema\/logo\/image\/","url":"https:\/\/mariacuadradodental.com\/wp-content\/uploads\/2026\/04\/cropped-mas-de-20-anos-de-experiencia-2.webp","contentUrl":"https:\/\/mariacuadradodental.com\/wp-content\/uploads\/2026\/04\/cropped-mas-de-20-anos-de-experiencia-2.webp","width":833,"height":315,"caption":"Cl\u00ednica Dental Algorfa - Mar\u00eda Cuadrado"},"image":{"@id":"https:\/\/mariacuadradodental.com\/#\/schema\/logo\/image\/"},"sameAs":["https:\/\/www.facebook.com\/dentalmariacuadrado\/"]}]}},"_links":{"self":[{"href":"https:\/\/mariacuadradodental.com\/en\/wp-json\/wp\/v2\/pages\/22","targetHints":{"allow":["GET"]}}],"collection":[{"href":"https:\/\/mariacuadradodental.com\/en\/wp-json\/wp\/v2\/pages"}],"about":[{"href":"https:\/\/mariacuadradodental.com\/en\/wp-json\/wp\/v2\/types\/page"}],"author":[{"embeddable":true,"href":"https:\/\/mariacuadradodental.com\/en\/wp-json\/wp\/v2\/users\/1"}],"replies":[{"embeddable":true,"href":"https:\/\/mariacuadradodental.com\/en\/wp-json\/wp\/v2\/comments?post=22"}],"version-history":[{"count":8,"href":"https:\/\/mariacuadradodental.com\/en\/wp-json\/wp\/v2\/pages\/22\/revisions"}],"predecessor-version":[{"id":205,"href":"https:\/\/mariacuadradodental.com\/en\/wp-json\/wp\/v2\/pages\/22\/revisions\/205"}],"wp:attachment":[{"href":"https:\/\/mariacuadradodental.com\/en\/wp-json\/wp\/v2\/media?parent=22"}],"curies":[{"name":"wp","href":"https:\/\/api.w.org\/{rel}","templated":true}]}}