{"id":24,"date":"2019-04-01T09:10:57","date_gmt":"2019-04-01T09:10:57","guid":{"rendered":"http:\/\/mariacuadradodental.com\/?page_id=24"},"modified":"2025-08-31T16:37:33","modified_gmt":"2025-08-31T16:37:33","slug":"clinica-2","status":"publish","type":"page","link":"https:\/\/mariacuadradodental.com\/en\/clinica-2\/","title":{"rendered":"Our clinic"},"content":{"rendered":"<div data-elementor-type=\"wp-post\" data-elementor-id=\"24\" class=\"elementor elementor-24\">\n\t\t\t\t\t\t<section class=\"elementor-section elementor-top-section elementor-element elementor-element-abe1e75 elementor-section-boxed elementor-section-height-default elementor-section-height-default\" data-id=\"abe1e75\" data-element_type=\"section\" data-e-type=\"section\">\n\t\t\t\t\t\t<div class=\"elementor-container elementor-column-gap-default\">\n\t\t\t\t\t<div class=\"elementor-column elementor-col-50 elementor-top-column elementor-element elementor-element-35b6fd9\" data-id=\"35b6fd9\" data-element_type=\"column\" data-e-type=\"column\">\n\t\t\t<div class=\"elementor-widget-wrap elementor-element-populated\">\n\t\t\t\t\t\t<div class=\"elementor-element elementor-element-368373c elementor-widget elementor-widget-text-editor\" data-id=\"368373c\" data-element_type=\"widget\" data-e-type=\"widget\" data-widget_type=\"text-editor.default\">\n\t\t\t\t<div class=\"elementor-widget-container\">\n\t\t\t\t\t\t\t\t\t<h2>Welcome to our clinic<\/h2><p style=\"text-align: justify;\">At Mar\u00eda Cuadrado Dental Clinic, we have been helping our patients achieve a healthy, well-cared-for, and beautiful smile for over 15 years. Throughout these years, we have built a strong bond with our patients thanks to our service and personalized care. This personalized approach allows us to closely monitor our patients and their treatments, achieving the best results for each one.<\/p><p style=\"text-align: justify;\">We specialize in all types of dental treatments, which we can group into the following services:<\/p><ul><li><span style=\"color: #808080;\"><a style=\"color: #808080;\" href=\"http:\/\/mariacuadradodental.com\/en\/implantes\/\">Implants<\/a><\/span><\/li><li><span style=\"color: #808080;\"><a style=\"color: #808080;\" href=\"http:\/\/mariacuadradodental.com\/en\/protesis\/\">Prosthesis<\/a><\/span><\/li><li><span style=\"color: #808080;\"><a style=\"color: #808080;\" href=\"http:\/\/mariacuadradodental.com\/en\/ortodoncia\/\">Orthodontics<\/a><\/span><\/li><li><span style=\"color: #808080;\"><a style=\"color: #808080;\" href=\"http:\/\/mariacuadradodental.com\/en\/odontologia-general\/\">General dentistry<\/a><\/span><\/li><\/ul>\t\t\t\t\t\t\t\t<\/div>\n\t\t\t\t<\/div>\n\t\t\t\t\t<\/div>\n\t\t<\/div>\n\t\t\t\t<div class=\"elementor-column elementor-col-50 elementor-top-column elementor-element elementor-element-37ce818\" data-id=\"37ce818\" data-element_type=\"column\" data-e-type=\"column\">\n\t\t\t<div class=\"elementor-widget-wrap elementor-element-populated\">\n\t\t\t\t\t\t<div class=\"elementor-element elementor-element-d7f8269 elementor-arrows-position-inside elementor-widget elementor-widget-image-carousel\" data-id=\"d7f8269\" data-element_type=\"widget\" data-e-type=\"widget\" data-settings=\"{&quot;slides_to_show&quot;:&quot;1&quot;,&quot;navigation&quot;:&quot;arrows&quot;,&quot;autoplay_speed&quot;:4000,&quot;speed&quot;:600,&quot;autoplay&quot;:&quot;yes&quot;,&quot;pause_on_hover&quot;:&quot;yes&quot;,&quot;pause_on_interaction&quot;:&quot;yes&quot;,&quot;infinite&quot;:&quot;yes&quot;,&quot;effect&quot;:&quot;slide&quot;}\" data-widget_type=\"image-carousel.default\">\n\t\t\t\t<div class=\"elementor-widget-container\">\n\t\t\t\t\t\t\t<div class=\"elementor-image-carousel-wrapper swiper\" role=\"region\" aria-roledescription=\"carousel\" aria-label=\"Carrusel de im\u00e1genes\" dir=\"ltr\">\n\t\t\t<div class=\"elementor-image-carousel swiper-wrapper\" aria-live=\"off\">\n\t\t\t\t\t\t\t\t<div class=\"swiper-slide\" role=\"group\" aria-roledescription=\"slide\" aria-label=\"1 of 8\" data-no-translation-aria-label=\"\"><figure class=\"swiper-slide-inner\"><img decoding=\"async\" class=\"swiper-slide-image\" src=\"https:\/\/mariacuadradodental.com\/wp-content\/uploads\/2019\/05\/clinica_denta_algorfa-maria-cuadrado-dentista-amoradi-ciudad-quesada-rojales-vega-baja_odonthlogy-3.jpg\" alt=\"clinica_denta_algorfa-maria-cuadrado-dentista-amoradi-ciudad-quesada-rojales-vega-baja_odonthlogy-3\" \/><\/figure><\/div><div class=\"swiper-slide\" role=\"group\" aria-roledescription=\"slide\" aria-label=\"2 of 8\" data-no-translation-aria-label=\"\"><figure class=\"swiper-slide-inner\"><img decoding=\"async\" class=\"swiper-slide-image\" src=\"https:\/\/mariacuadradodental.com\/wp-content\/uploads\/2019\/05\/clinica_denta_algorfa-maria-cuadrado-dentista-amoradi-ciudad-quesada-rojales-vega-baja_odonthlogy-15.jpg\" alt=\"clinica_denta_algorfa-maria-cuadrado-dentista-amoradi-ciudad-quesada-rojales-vega-baja_odonthlogy 15\" \/><\/figure><\/div><div class=\"swiper-slide\" role=\"group\" aria-roledescription=\"slide\" aria-label=\"3 of 8\" data-no-translation-aria-label=\"\"><figure class=\"swiper-slide-inner\"><img decoding=\"async\" class=\"swiper-slide-image\" src=\"https:\/\/mariacuadradodental.com\/wp-content\/uploads\/2019\/05\/clinica_denta_algorfa-maria-cuadrado-dentista-amoradi-ciudad-quesada-rojales-vega-baja_odonthlogy-18.jpg\" alt=\"clinica_denta_algorfa-maria-cuadrado-dentista-amoradi-ciudad-quesada-rojales-vega-baja_odonthlogy 18\" \/><\/figure><\/div><div class=\"swiper-slide\" role=\"group\" aria-roledescription=\"slide\" aria-label=\"4 of 8\" data-no-translation-aria-label=\"\"><figure class=\"swiper-slide-inner\"><img decoding=\"async\" class=\"swiper-slide-image\" src=\"https:\/\/mariacuadradodental.com\/wp-content\/uploads\/2019\/05\/clinica_denta_algorfa-maria-cuadrado-dentista-amoradi-ciudad-quesada-rojales-vega-baja_odonthlogy-4.jpg\" alt=\"clinica_denta_algorfa-maria-cuadrado-dentista-amoradi-ciudad-quesada-rojales-vega-baja_odonthlogy-4\" \/><\/figure><\/div><div class=\"swiper-slide\" role=\"group\" aria-roledescription=\"slide\" aria-label=\"5 of 8\" data-no-translation-aria-label=\"\"><figure class=\"swiper-slide-inner\"><img decoding=\"async\" class=\"swiper-slide-image\" src=\"https:\/\/mariacuadradodental.com\/wp-content\/uploads\/2019\/05\/clinica_denta_algorfa-maria-cuadrado-dentista-amoradi-ciudad-quesada-rojales-vega-baja_odonthlogy-6.jpg\" alt=\"clinica_denta_algorfa-maria-cuadrado-dentista-amoradi-ciudad-quesada-rojales-vega-baja_odonthlogy 6\" \/><\/figure><\/div><div class=\"swiper-slide\" role=\"group\" aria-roledescription=\"slide\" aria-label=\"6 of 8\" data-no-translation-aria-label=\"\"><figure class=\"swiper-slide-inner\"><img decoding=\"async\" class=\"swiper-slide-image\" src=\"https:\/\/mariacuadradodental.com\/wp-content\/uploads\/2019\/05\/clinica_denta_algorfa-maria-cuadrado-dentista-amoradi-ciudad-quesada-rojales-vega-baja_odonthlogy-7.jpg\" alt=\"clinica_denta_algorfa-maria-cuadrado-dentista-amoradi-ciudad-quesada-rojales-vega-baja_odonthlogy 7\" \/><\/figure><\/div><div class=\"swiper-slide\" role=\"group\" aria-roledescription=\"slide\" aria-label=\"7 of 8\" data-no-translation-aria-label=\"\"><figure class=\"swiper-slide-inner\"><img decoding=\"async\" class=\"swiper-slide-image\" src=\"https:\/\/mariacuadradodental.com\/wp-content\/uploads\/2019\/05\/clinica_denta_algorfa-maria-cuadrado-dentista-amoradi-ciudad-quesada-rojales-vega-baja_odonthlogy-16.jpg\" alt=\"clinica_denta_algorfa-maria-cuadrado-dentista-amoradi-ciudad-quesada-rojales-vega-baja_odonthlogy 16\" \/><\/figure><\/div><div class=\"swiper-slide\" role=\"group\" aria-roledescription=\"slide\" aria-label=\"8 of 8\" data-no-translation-aria-label=\"\"><figure class=\"swiper-slide-inner\"><img decoding=\"async\" class=\"swiper-slide-image\" src=\"https:\/\/mariacuadradodental.com\/wp-content\/uploads\/2019\/05\/clinica_denta_algorfa-maria-cuadrado-dentista-amoradi-ciudad-quesada-rojales-vega-baja_odonthlogy-1.jpg\" alt=\"clinica_denta_algorfa-maria-cuadrado-dentista-amoradi-ciudad-quesada-rojales-vega-baja_odonthlogy-1\" \/><\/figure><\/div>\t\t\t<\/div>\n\t\t\t\t\t\t\t\t\t\t\t\t<div class=\"elementor-swiper-button elementor-swiper-button-prev\" role=\"button\" tabindex=\"0\">\n\t\t\t\t\t\t<i aria-hidden=\"true\" class=\"eicon-chevron-left\"><\/i>\t\t\t\t\t<\/div>\n\t\t\t\t\t<div class=\"elementor-swiper-button elementor-swiper-button-next\" role=\"button\" tabindex=\"0\">\n\t\t\t\t\t\t<i aria-hidden=\"true\" class=\"eicon-chevron-right\"><\/i>\t\t\t\t\t<\/div>\n\t\t\t\t\n\t\t\t\t\t\t\t\t\t<\/div>\n\t\t\t\t\t\t<\/div>\n\t\t\t\t<\/div>\n\t\t\t\t\t<\/div>\n\t\t<\/div>\n\t\t\t\t\t<\/div>\n\t\t<\/section>\n\t\t\t\t<section class=\"elementor-section elementor-top-section elementor-element elementor-element-0a897c8 elementor-section-boxed elementor-section-height-default elementor-section-height-default\" data-id=\"0a897c8\" data-element_type=\"section\" data-e-type=\"section\">\n\t\t\t\t\t\t<div class=\"elementor-container elementor-column-gap-default\">\n\t\t\t\t\t<div class=\"elementor-column elementor-col-100 elementor-top-column elementor-element elementor-element-28f6c87\" data-id=\"28f6c87\" data-element_type=\"column\" data-e-type=\"column\">\n\t\t\t<div class=\"elementor-widget-wrap elementor-element-populated\">\n\t\t\t\t\t\t<div class=\"elementor-element elementor-element-dc512df elementor-widget elementor-widget-spacer\" data-id=\"dc512df\" data-element_type=\"widget\" data-e-type=\"widget\" data-widget_type=\"spacer.default\">\n\t\t\t\t<div class=\"elementor-widget-container\">\n\t\t\t\t\t\t\t<div class=\"elementor-spacer\">\n\t\t\t<div class=\"elementor-spacer-inner\"><\/div>\n\t\t<\/div>\n\t\t\t\t\t\t<\/div>\n\t\t\t\t<\/div>\n\t\t\t\t\t<\/div>\n\t\t<\/div>\n\t\t\t\t\t<\/div>\n\t\t<\/section>\n\t\t\t\t<section class=\"elementor-section elementor-top-section elementor-element elementor-element-fa7e3aa elementor-section-boxed elementor-section-height-default elementor-section-height-default\" data-id=\"fa7e3aa\" data-element_type=\"section\" data-e-type=\"section\">\n\t\t\t\t\t\t<div class=\"elementor-container elementor-column-gap-default\">\n\t\t\t\t\t<div class=\"elementor-column elementor-col-33 elementor-top-column elementor-element elementor-element-65d6023\" data-id=\"65d6023\" data-element_type=\"column\" data-e-type=\"column\">\n\t\t\t<div class=\"elementor-widget-wrap elementor-element-populated\">\n\t\t\t\t\t\t<div class=\"elementor-element elementor-element-3415ae4 elementor-widget elementor-widget-image\" data-id=\"3415ae4\" data-element_type=\"widget\" data-e-type=\"widget\" data-widget_type=\"image.default\">\n\t\t\t\t<div class=\"elementor-widget-container\">\n\t\t\t\t\t\t\t\t\t\t\t\t\t\t\t<img fetchpriority=\"high\" decoding=\"async\" width=\"1000\" height=\"665\" src=\"https:\/\/mariacuadradodental.com\/wp-content\/uploads\/2019\/05\/clinica_denta_algorfa-maria-cuadrado-dentista-amoradi-ciudad-quesada-rojales-vega-baja_odonthlogy-20.jpg\" class=\"attachment-large size-large wp-image-113\" alt=\"\" srcset=\"https:\/\/mariacuadradodental.com\/wp-content\/uploads\/2019\/05\/clinica_denta_algorfa-maria-cuadrado-dentista-amoradi-ciudad-quesada-rojales-vega-baja_odonthlogy-20.jpg 1000w, https:\/\/mariacuadradodental.com\/wp-content\/uploads\/2019\/05\/clinica_denta_algorfa-maria-cuadrado-dentista-amoradi-ciudad-quesada-rojales-vega-baja_odonthlogy-20-300x200.jpg 300w, https:\/\/mariacuadradodental.com\/wp-content\/uploads\/2019\/05\/clinica_denta_algorfa-maria-cuadrado-dentista-amoradi-ciudad-quesada-rojales-vega-baja_odonthlogy-20-768x511.jpg 768w\" sizes=\"(max-width: 1000px) 100vw, 1000px\" \/>\t\t\t\t\t\t\t\t\t\t\t\t\t\t\t<\/div>\n\t\t\t\t<\/div>\n\t\t\t\t\t<\/div>\n\t\t<\/div>\n\t\t\t\t<div class=\"elementor-column elementor-col-33 elementor-top-column elementor-element elementor-element-d4f0e6c\" data-id=\"d4f0e6c\" data-element_type=\"column\" data-e-type=\"column\">\n\t\t\t<div class=\"elementor-widget-wrap elementor-element-populated\">\n\t\t\t\t\t\t<div class=\"elementor-element elementor-element-78c0631 elementor-widget elementor-widget-image\" data-id=\"78c0631\" data-element_type=\"widget\" data-e-type=\"widget\" data-widget_type=\"image.default\">\n\t\t\t\t<div class=\"elementor-widget-container\">\n\t\t\t\t\t\t\t\t\t\t\t\t\t\t\t<img decoding=\"async\" width=\"871\" height=\"588\" src=\"https:\/\/mariacuadradodental.com\/wp-content\/uploads\/2021\/11\/1.jpg\" class=\"attachment-large size-large wp-image-10038\" alt=\"\" srcset=\"https:\/\/mariacuadradodental.com\/wp-content\/uploads\/2021\/11\/1.jpg 871w, https:\/\/mariacuadradodental.com\/wp-content\/uploads\/2021\/11\/1-300x203.jpg 300w, https:\/\/mariacuadradodental.com\/wp-content\/uploads\/2021\/11\/1-768x518.jpg 768w\" sizes=\"(max-width: 871px) 100vw, 871px\" \/>\t\t\t\t\t\t\t\t\t\t\t\t\t\t\t<\/div>\n\t\t\t\t<\/div>\n\t\t\t\t\t<\/div>\n\t\t<\/div>\n\t\t\t\t<div class=\"elementor-column elementor-col-33 elementor-top-column elementor-element elementor-element-7e31a19\" data-id=\"7e31a19\" data-element_type=\"column\" data-e-type=\"column\">\n\t\t\t<div class=\"elementor-widget-wrap elementor-element-populated\">\n\t\t\t\t\t\t<div class=\"elementor-element elementor-element-b21adbc elementor-widget elementor-widget-image\" data-id=\"b21adbc\" data-element_type=\"widget\" data-e-type=\"widget\" data-widget_type=\"image.default\">\n\t\t\t\t<div class=\"elementor-widget-container\">\n\t\t\t\t\t\t\t\t\t\t\t\t\t\t\t<img decoding=\"async\" width=\"1000\" height=\"665\" src=\"https:\/\/mariacuadradodental.com\/wp-content\/uploads\/2019\/05\/clinica_denta_algorfa-maria-cuadrado-dentista-amoradi-ciudad-quesada-rojales-vega-baja_odonthlogy-14.jpg\" class=\"attachment-large size-large wp-image-109\" alt=\"\" srcset=\"https:\/\/mariacuadradodental.com\/wp-content\/uploads\/2019\/05\/clinica_denta_algorfa-maria-cuadrado-dentista-amoradi-ciudad-quesada-rojales-vega-baja_odonthlogy-14.jpg 1000w, https:\/\/mariacuadradodental.com\/wp-content\/uploads\/2019\/05\/clinica_denta_algorfa-maria-cuadrado-dentista-amoradi-ciudad-quesada-rojales-vega-baja_odonthlogy-14-300x200.jpg 300w, https:\/\/mariacuadradodental.com\/wp-content\/uploads\/2019\/05\/clinica_denta_algorfa-maria-cuadrado-dentista-amoradi-ciudad-quesada-rojales-vega-baja_odonthlogy-14-768x511.jpg 768w\" sizes=\"(max-width: 1000px) 100vw, 1000px\" \/>\t\t\t\t\t\t\t\t\t\t\t\t\t\t\t<\/div>\n\t\t\t\t<\/div>\n\t\t\t\t\t<\/div>\n\t\t<\/div>\n\t\t\t\t\t<\/div>\n\t\t<\/section>\n\t\t\t\t<\/div>","protected":false},"excerpt":{"rendered":"<p>Bienvenido a nuestra cl\u00ednica En cl\u00ednica dental Mar\u00eda Cuadrado llevamos m\u00e1s de 15 a\u00f1os ayudando a nuestros pacientes a tener una boca sana, cuidada y bonita. A lo largo de todos estos a\u00f1os hemos creado un gran v\u00ednculo con nuestros pacientes gracias al servicio y al trato personalizado. \u00c9ste trato personalizado nos permite llevar un &#8230; <a title=\"Our clinic\" class=\"read-more\" href=\"https:\/\/mariacuadradodental.com\/en\/clinica-2\/\" aria-label=\"Read more about Cl\u00ednica\">Read more<\/a><\/p>","protected":false},"author":1,"featured_media":0,"parent":0,"menu_order":0,"comment_status":"closed","ping_status":"closed","template":"","meta":{"footnotes":""},"class_list":["post-24","page","type-page","status-publish"],"yoast_head":"<!-- This site is optimized with the Yoast SEO plugin v27.3 - https:\/\/yoast.com\/product\/yoast-seo-wordpress\/ -->\n<title>Cl\u00ednica | Mar\u00eda Cuadrado<\/title>\n<meta name=\"robots\" content=\"index, follow, max-snippet:-1, max-image-preview:large, max-video-preview:-1\" \/>\n<link rel=\"canonical\" href=\"https:\/\/mariacuadradodental.com\/en\/clinica-2\/\" \/>\n<meta property=\"og:locale\" content=\"en_GB\" \/>\n<meta property=\"og:type\" content=\"article\" \/>\n<meta property=\"og:title\" content=\"Cl\u00ednica | Mar\u00eda Cuadrado\" \/>\n<meta property=\"og:description\" content=\"Bienvenido a nuestra cl\u00ednica En cl\u00ednica dental Mar\u00eda Cuadrado llevamos m\u00e1s de 15 a\u00f1os ayudando a nuestros pacientes a tener una boca sana, cuidada y bonita. A lo largo de todos estos a\u00f1os hemos creado un gran v\u00ednculo con nuestros pacientes gracias al servicio y al trato personalizado. \u00c9ste trato personalizado nos permite llevar un ... Read more\" \/>\n<meta property=\"og:url\" content=\"https:\/\/mariacuadradodental.com\/en\/clinica-2\/\" \/>\n<meta property=\"og:site_name\" content=\"Mar\u00eda Cuadrado\" \/>\n<meta property=\"article:publisher\" content=\"https:\/\/www.facebook.com\/dentalmariacuadrado\/\" \/>\n<meta property=\"article:modified_time\" content=\"2025-08-31T16:37:33+00:00\" \/>\n<meta property=\"og:image\" content=\"https:\/\/mariacuadradodental.com\/wp-content\/uploads\/2019\/05\/clinica_denta_algorfa-maria-cuadrado-dentista-amoradi-ciudad-quesada-rojales-vega-baja_odonthlogy-3.jpg\" \/>\n<meta name=\"twitter:card\" content=\"summary_large_image\" \/>\n<meta name=\"twitter:label1\" content=\"Estimated reading time\" \/>\n\t<meta name=\"twitter:data1\" content=\"4 minutes\" \/>\n<script type=\"application\/ld+json\" class=\"yoast-schema-graph\">{\"@context\":\"https:\\\/\\\/schema.org\",\"@graph\":[{\"@type\":\"WebPage\",\"@id\":\"https:\\\/\\\/mariacuadradodental.com\\\/clinica-2\\\/\",\"url\":\"https:\\\/\\\/mariacuadradodental.com\\\/clinica-2\\\/\",\"name\":\"Cl\u00ednica | Mar\u00eda Cuadrado\",\"isPartOf\":{\"@id\":\"https:\\\/\\\/mariacuadradodental.com\\\/#website\"},\"primaryImageOfPage\":{\"@id\":\"https:\\\/\\\/mariacuadradodental.com\\\/clinica-2\\\/#primaryimage\"},\"image\":{\"@id\":\"https:\\\/\\\/mariacuadradodental.com\\\/clinica-2\\\/#primaryimage\"},\"thumbnailUrl\":\"https:\\\/\\\/mariacuadradodental.com\\\/wp-content\\\/uploads\\\/2019\\\/05\\\/clinica_denta_algorfa-maria-cuadrado-dentista-amoradi-ciudad-quesada-rojales-vega-baja_odonthlogy-3.jpg\",\"datePublished\":\"2019-04-01T09:10:57+00:00\",\"dateModified\":\"2025-08-31T16:37:33+00:00\",\"breadcrumb\":{\"@id\":\"https:\\\/\\\/mariacuadradodental.com\\\/clinica-2\\\/#breadcrumb\"},\"inLanguage\":\"en-GB\",\"potentialAction\":[{\"@type\":\"ReadAction\",\"target\":[\"https:\\\/\\\/mariacuadradodental.com\\\/clinica-2\\\/\"]}]},{\"@type\":\"ImageObject\",\"inLanguage\":\"en-GB\",\"@id\":\"https:\\\/\\\/mariacuadradodental.com\\\/clinica-2\\\/#primaryimage\",\"url\":\"https:\\\/\\\/mariacuadradodental.com\\\/wp-content\\\/uploads\\\/2019\\\/05\\\/clinica_denta_algorfa-maria-cuadrado-dentista-amoradi-ciudad-quesada-rojales-vega-baja_odonthlogy-3.jpg\",\"contentUrl\":\"https:\\\/\\\/mariacuadradodental.com\\\/wp-content\\\/uploads\\\/2019\\\/05\\\/clinica_denta_algorfa-maria-cuadrado-dentista-amoradi-ciudad-quesada-rojales-vega-baja_odonthlogy-3.jpg\"},{\"@type\":\"BreadcrumbList\",\"@id\":\"https:\\\/\\\/mariacuadradodental.com\\\/clinica-2\\\/#breadcrumb\",\"itemListElement\":[{\"@type\":\"ListItem\",\"position\":1,\"name\":\"Portada\",\"item\":\"https:\\\/\\\/mariacuadradodental.com\\\/\"},{\"@type\":\"ListItem\",\"position\":2,\"name\":\"Cl\u00ednica\"}]},{\"@type\":\"WebSite\",\"@id\":\"https:\\\/\\\/mariacuadradodental.com\\\/#website\",\"url\":\"https:\\\/\\\/mariacuadradodental.com\\\/\",\"name\":\"Mar\u00eda Cuadrado\",\"description\":\"Cl\u00ednica Dental\",\"publisher\":{\"@id\":\"https:\\\/\\\/mariacuadradodental.com\\\/#organization\"},\"potentialAction\":[{\"@type\":\"SearchAction\",\"target\":{\"@type\":\"EntryPoint\",\"urlTemplate\":\"https:\\\/\\\/mariacuadradodental.com\\\/?s={search_term_string}\"},\"query-input\":{\"@type\":\"PropertyValueSpecification\",\"valueRequired\":true,\"valueName\":\"search_term_string\"}}],\"inLanguage\":\"en-GB\"},{\"@type\":\"Organization\",\"@id\":\"https:\\\/\\\/mariacuadradodental.com\\\/#organization\",\"name\":\"Cl\u00ednica Dental Algorfa - Mar\u00eda Cuadrado\",\"url\":\"https:\\\/\\\/mariacuadradodental.com\\\/\",\"logo\":{\"@type\":\"ImageObject\",\"inLanguage\":\"en-GB\",\"@id\":\"https:\\\/\\\/mariacuadradodental.com\\\/#\\\/schema\\\/logo\\\/image\\\/\",\"url\":\"https:\\\/\\\/mariacuadradodental.com\\\/wp-content\\\/uploads\\\/2026\\\/04\\\/cropped-mas-de-20-anos-de-experiencia-2.webp\",\"contentUrl\":\"https:\\\/\\\/mariacuadradodental.com\\\/wp-content\\\/uploads\\\/2026\\\/04\\\/cropped-mas-de-20-anos-de-experiencia-2.webp\",\"width\":833,\"height\":315,\"caption\":\"Cl\u00ednica Dental Algorfa - Mar\u00eda Cuadrado\"},\"image\":{\"@id\":\"https:\\\/\\\/mariacuadradodental.com\\\/#\\\/schema\\\/logo\\\/image\\\/\"},\"sameAs\":[\"https:\\\/\\\/www.facebook.com\\\/dentalmariacuadrado\\\/\"]}]}<\/script>\n<!-- \/ Yoast SEO plugin. -->","yoast_head_json":{"title":"Cl\u00ednica | Mar\u00eda Cuadrado","robots":{"index":"index","follow":"follow","max-snippet":"max-snippet:-1","max-image-preview":"max-image-preview:large","max-video-preview":"max-video-preview:-1"},"canonical":"https:\/\/mariacuadradodental.com\/en\/clinica-2\/","og_locale":"en_GB","og_type":"article","og_title":"Cl\u00ednica | Mar\u00eda Cuadrado","og_description":"Bienvenido a nuestra cl\u00ednica En cl\u00ednica dental Mar\u00eda Cuadrado llevamos m\u00e1s de 15 a\u00f1os ayudando a nuestros pacientes a tener una boca sana, cuidada y bonita. A lo largo de todos estos a\u00f1os hemos creado un gran v\u00ednculo con nuestros pacientes gracias al servicio y al trato personalizado. \u00c9ste trato personalizado nos permite llevar un ... Read more","og_url":"https:\/\/mariacuadradodental.com\/en\/clinica-2\/","og_site_name":"Mar\u00eda Cuadrado","article_publisher":"https:\/\/www.facebook.com\/dentalmariacuadrado\/","article_modified_time":"2025-08-31T16:37:33+00:00","og_image":[{"url":"https:\/\/mariacuadradodental.com\/wp-content\/uploads\/2019\/05\/clinica_denta_algorfa-maria-cuadrado-dentista-amoradi-ciudad-quesada-rojales-vega-baja_odonthlogy-3.jpg","type":"","width":"","height":""}],"twitter_card":"summary_large_image","twitter_misc":{"Estimated reading time":"4 minutes"},"schema":{"@context":"https:\/\/schema.org","@graph":[{"@type":"WebPage","@id":"https:\/\/mariacuadradodental.com\/clinica-2\/","url":"https:\/\/mariacuadradodental.com\/clinica-2\/","name":"Cl\u00ednica | Mar\u00eda Cuadrado","isPartOf":{"@id":"https:\/\/mariacuadradodental.com\/#website"},"primaryImageOfPage":{"@id":"https:\/\/mariacuadradodental.com\/clinica-2\/#primaryimage"},"image":{"@id":"https:\/\/mariacuadradodental.com\/clinica-2\/#primaryimage"},"thumbnailUrl":"https:\/\/mariacuadradodental.com\/wp-content\/uploads\/2019\/05\/clinica_denta_algorfa-maria-cuadrado-dentista-amoradi-ciudad-quesada-rojales-vega-baja_odonthlogy-3.jpg","datePublished":"2019-04-01T09:10:57+00:00","dateModified":"2025-08-31T16:37:33+00:00","breadcrumb":{"@id":"https:\/\/mariacuadradodental.com\/clinica-2\/#breadcrumb"},"inLanguage":"en-GB","potentialAction":[{"@type":"ReadAction","target":["https:\/\/mariacuadradodental.com\/clinica-2\/"]}]},{"@type":"ImageObject","inLanguage":"en-GB","@id":"https:\/\/mariacuadradodental.com\/clinica-2\/#primaryimage","url":"https:\/\/mariacuadradodental.com\/wp-content\/uploads\/2019\/05\/clinica_denta_algorfa-maria-cuadrado-dentista-amoradi-ciudad-quesada-rojales-vega-baja_odonthlogy-3.jpg","contentUrl":"https:\/\/mariacuadradodental.com\/wp-content\/uploads\/2019\/05\/clinica_denta_algorfa-maria-cuadrado-dentista-amoradi-ciudad-quesada-rojales-vega-baja_odonthlogy-3.jpg"},{"@type":"BreadcrumbList","@id":"https:\/\/mariacuadradodental.com\/clinica-2\/#breadcrumb","itemListElement":[{"@type":"ListItem","position":1,"name":"Portada","item":"https:\/\/mariacuadradodental.com\/"},{"@type":"ListItem","position":2,"name":"Cl\u00ednica"}]},{"@type":"WebSite","@id":"https:\/\/mariacuadradodental.com\/#website","url":"https:\/\/mariacuadradodental.com\/","name":"Mar\u00eda Cuadrado","description":"Cl\u00ednica Dental","publisher":{"@id":"https:\/\/mariacuadradodental.com\/#organization"},"potentialAction":[{"@type":"SearchAction","target":{"@type":"EntryPoint","urlTemplate":"https:\/\/mariacuadradodental.com\/?s={search_term_string}"},"query-input":{"@type":"PropertyValueSpecification","valueRequired":true,"valueName":"search_term_string"}}],"inLanguage":"en-GB"},{"@type":"Organization","@id":"https:\/\/mariacuadradodental.com\/#organization","name":"Cl\u00ednica Dental Algorfa - Mar\u00eda Cuadrado","url":"https:\/\/mariacuadradodental.com\/","logo":{"@type":"ImageObject","inLanguage":"en-GB","@id":"https:\/\/mariacuadradodental.com\/#\/schema\/logo\/image\/","url":"https:\/\/mariacuadradodental.com\/wp-content\/uploads\/2026\/04\/cropped-mas-de-20-anos-de-experiencia-2.webp","contentUrl":"https:\/\/mariacuadradodental.com\/wp-content\/uploads\/2026\/04\/cropped-mas-de-20-anos-de-experiencia-2.webp","width":833,"height":315,"caption":"Cl\u00ednica Dental Algorfa - Mar\u00eda Cuadrado"},"image":{"@id":"https:\/\/mariacuadradodental.com\/#\/schema\/logo\/image\/"},"sameAs":["https:\/\/www.facebook.com\/dentalmariacuadrado\/"]}]}},"_links":{"self":[{"href":"https:\/\/mariacuadradodental.com\/en\/wp-json\/wp\/v2\/pages\/24","targetHints":{"allow":["GET"]}}],"collection":[{"href":"https:\/\/mariacuadradodental.com\/en\/wp-json\/wp\/v2\/pages"}],"about":[{"href":"https:\/\/mariacuadradodental.com\/en\/wp-json\/wp\/v2\/types\/page"}],"author":[{"embeddable":true,"href":"https:\/\/mariacuadradodental.com\/en\/wp-json\/wp\/v2\/users\/1"}],"replies":[{"embeddable":true,"href":"https:\/\/mariacuadradodental.com\/en\/wp-json\/wp\/v2\/comments?post=24"}],"version-history":[{"count":14,"href":"https:\/\/mariacuadradodental.com\/en\/wp-json\/wp\/v2\/pages\/24\/revisions"}],"predecessor-version":[{"id":15678,"href":"https:\/\/mariacuadradodental.com\/en\/wp-json\/wp\/v2\/pages\/24\/revisions\/15678"}],"wp:attachment":[{"href":"https:\/\/mariacuadradodental.com\/en\/wp-json\/wp\/v2\/media?parent=24"}],"curies":[{"name":"wp","href":"https:\/\/api.w.org\/{rel}","templated":true}]}}