{"id":9938,"date":"2021-11-16T14:37:07","date_gmt":"2021-11-16T14:37:07","guid":{"rendered":"http:\/\/mariacuadradodental.com\/?page_id=9938"},"modified":"2021-11-16T14:37:07","modified_gmt":"2021-11-16T14:37:07","slug":"aviso-legal","status":"publish","type":"page","link":"https:\/\/mariacuadradodental.com\/en\/aviso-legal\/","title":{"rendered":"Aviso legal"},"content":{"rendered":"<p>Aviso legal y Pol\u00edtica de Privacidad<\/p>\n<p>AVISO LEGAL<br \/>\n1. DATOS IDENTIFICATIVOS:<br \/>\nEn cumplimiento con el deber de informaci\u00f3n recogido en art\u00edculo 10 de la Ley 34\/2002, de 11 de julio,<br \/>\nde Servicios de la Sociedad de la Informaci\u00f3n y del Comercio Electr\u00f3nico (LSSICE), el PROPIETARIO DE<br \/>\nLA WEB, le informa de lo siguiente:<br \/>\n\uf0b7 Denominaci\u00f3n social: Cl\u00ednica Dental Mar\u00eda Cuadrado<br \/>\n\uf0b7 CIF: 48349034K<br \/>\n\uf0b7 Domicilio social: Av Mar\u00eda del Mar Rodr\u00edguez Albaladejo, 17 (03169) ALGORFA (Alicante)<br \/>\n\uf0b7 Inscrita en el Registro Mercantil de:<br \/>\n\uf0b7 Tel\u00e9fono: 96 678 36 45<br \/>\n\uf0b7 Email: dentalalgorfamaria@gmail.com<br \/>\n\uf0b7 Contacto DPO: delegadopd@stericycle.com<br \/>\n\uf0b7 Autorizaci\u00f3n administrativa: (autorizaci\u00f3n sanitaria\/industria\u2026.)<br \/>\n\uf0b7 Doctores colegiados: (Mar\u00eda Cuadrado Ill\u00e1n Colegiado: 2884).<br \/>\n2. USO DEL PORTAL:<br \/>\nEl sitio web y sus servicios son de acceso libre y gratuito, no obstante para poder cumplir con las<br \/>\nfinalidades de algunos de los servicios ofrecidos por el PROPIETARIO DE LA WEB el usuario debe<br \/>\ncumplimentar previamente el correspondiente formulario. Por tanto, si no se facilitan los datos necesarios<br \/>\no no lo hace correctamente no podr\u00e1n atenderse las solicitudes, sin perjuicio de que podr\u00e1 visualizar<br \/>\nlibremente el contenido de la web.<br \/>\n3. USUARIOS:<br \/>\nEl acceso y\/o uso de este portal atribuye la condici\u00f3n de USUARIO, que acepta, desde dicho acceso y\/o<br \/>\nuso, las Condiciones Generales de Uso aqu\u00ed reflejadas. Las citadas Condiciones ser\u00e1n de aplicaci\u00f3n<br \/>\nindependientemente de las Condiciones Generales de Contrataci\u00f3n que en su caso resulten de obligado<br \/>\ncumplimiento. El Usuario:<br \/>\n\uf0b7 Garantiza que ha informado a los terceros de los que facilite sus datos, en caso de hacerlo, de los<br \/>\naspectos contenidos en este documento. Asimismo, garantiza que ha obtenido su autorizaci\u00f3n<br \/>\npara facilitar sus datos al PROPIETARIO DE LA WEB para los fines se\u00f1alados.<br \/>\n\uf0b7 Ser\u00e1 responsable de las informaciones falsas o inexactas que proporcione a trav\u00e9s del Sitio Web y<br \/>\nde los da\u00f1os y perjuicios, directos o indirectos, que ello cause al PROPIETARIO DE LA WEB o a<br \/>\nterceros.<br \/>\n4. PROPIEDAD INTELECTUAL E INDUSTRIAL:<br \/>\nEl PROPIETARIO DE LA WEB por s\u00ed o como cesionaria, es titular de todos los derechos de propiedad<br \/>\nintelectual e industrial de su p\u00e1gina web, as\u00ed como de los elementos contenidos en la misma (a t\u00edtulo<br \/>\nenunciativo, im\u00e1genes, sonido, audio, v\u00eddeo, software o textos; marcas o logotipos, combinaciones de<br \/>\ncolores, estructura y dise\u00f1o, selecci\u00f3n de materiales usados, programas de ordenador necesarios para su<br \/>\nfuncionamiento, acceso y uso, etc.), titularidad del PROPIETARIO DE LA WEB o bien de sus licenciantes.<br \/>\nTodos los derechos reservados. En virtud de lo dispuesto en los art\u00edculos 8 y 32.1, p\u00e1rrafo segundo, de la<br \/>\nLey de Propiedad Intelectual, quedan expresamente prohibidas la reproducci\u00f3n, la distribuci\u00f3n y la<br \/>\ncomunicaci\u00f3n p\u00fablica, incluida su modalidad de puesta a disposici\u00f3n, de la totalidad o parte de los<br \/>\ncontenidos de esta p\u00e1gina web, con fines comerciales, en cualquier soporte y por cualquier medio<br \/>\nt\u00e9cnico, sin la autorizaci\u00f3n del PROPIETARIO DE LA WEB. El USUARIO se compromete a respetar los<\/p>\n<p>derechos de Propiedad Intelectual e Industrial titularidad del PROPIETARIO DE LA WEB. Podr\u00e1 visualizar<br \/>\nlos elementos del portal e incluso imprimirlos, copiarlos y almacenarlos en el disco duro de su ordenador<br \/>\no en cualquier otro soporte f\u00edsico siempre y cuando sea, \u00fanica y exclusivamente, para su uso personal y<br \/>\nprivado. El USUARIO deber\u00e1 abstenerse de suprimir, alterar, eludir o manipular cualquier dispositivo de<br \/>\nprotecci\u00f3n o sistema de seguridad que estuviera instalado en el las p\u00e1ginas del PROPIETARIO DE LA<br \/>\nWEB.<br \/>\n5. EXCLUSI\u00d3N DE GARANT\u00cdAS Y RESPONSABILIDAD:<br \/>\nEl PROPIETARIO DE LA WEB no se hace responsable, en ning\u00fan caso, de los da\u00f1os y perjuicios de<br \/>\ncualquier naturaleza que pudieran ocasionar, a t\u00edtulo enunciativo: errores u omisiones en los contenidos,<br \/>\nfalta de disponibilidad del portal o la transmisi\u00f3n de virus o programas maliciosos o lesivos en los<br \/>\ncontenidos, a pesar de haber adoptado todas las medidas tecnol\u00f3gicas necesarias para evitarlo.<br \/>\n6. MODIFICACIONES:<br \/>\nEl PROPIETARIO DE LA WEB se reserva el derecho de efectuar sin previo aviso las modificaciones que<br \/>\nconsidere oportunas en su portal, pudiendo cambiar, suprimir o a\u00f1adir tanto los contenidos y servicios<br \/>\nque se presten a trav\u00e9s de la misma como la forma en la que \u00e9stos aparezcan presentados o localizados<br \/>\nen su portal.<br \/>\n7. ENLACES:<br \/>\nEn el caso de que en el portal se dispusiesen enlaces o hiperv\u00ednculos hac\u00eda otros sitios de Internet, el<br \/>\nPROPIETARIO DE LA WEB no ejercer\u00e1 ning\u00fan tipo de control sobre dichos sitios y contenidos. En ning\u00fan<br \/>\ncaso el PROPIETARIO DE LA WEB asumir\u00e1 responsabilidad alguna por los contenidos de alg\u00fan enlace<br \/>\nperteneciente a un sitio web ajeno, ni garantizar\u00e1 la disponibilidad t\u00e9cnica, calidad, fiabilidad, exactitud,<br \/>\namplitud, veracidad, validez y constitucionalidad de cualquier material o informaci\u00f3n contenida en<br \/>\nninguno de dichos hiperv\u00ednculos u otros sitios de Internet. Igualmente la inclusi\u00f3n de estas conexiones<br \/>\nexternas no implicar\u00e1 ning\u00fan tipo de asociaci\u00f3n, fusi\u00f3n o participaci\u00f3n con las entidades conectadas.<br \/>\n8. DERECHO DE EXCLUSI\u00d3N:<br \/>\nEl PROPIETARIO DE LA WEB se reserva el derecho a denegar o retirar el acceso a portal y\/o los servicios<br \/>\nofrecidos sin necesidad de preaviso, a instancia propia o de un tercero, a aquellos usuarios que<br \/>\nincumplan las presentes Condiciones Generales de Uso.<br \/>\n9. GENERALIDADES:<br \/>\nEl PROPIETARIO DE LA WEB perseguir\u00e1 el incumplimiento de las presentes condiciones as\u00ed como<br \/>\ncualquier utilizaci\u00f3n indebida de su portal ejerciendo todas las acciones civiles y penales que le puedan<br \/>\ncorresponder en derecho.<br \/>\n10. MODIFICACI\u00d3N DE LAS PRESENTES CONDICIONES Y DURACI\u00d3N:<br \/>\nEl PROPIETARIO DE LA WEB podr\u00e1 modificar en cualquier momento las condiciones aqu\u00ed determinadas,<br \/>\nsiendo debidamente publicadas como aqu\u00ed aparecen. La vigencia de las citadas condiciones ir\u00e1 en funci\u00f3n<br \/>\nde su exposici\u00f3n y estar\u00e1n vigentes hasta que sean modificadas por otras debidamente publicadas.<\/p>\n<p>POLITICA DE PRIVACIDAD<br \/>\nEn cumplimiento de lo dispuesto en el Reglamento (UE) 2016\/679 del Parlamento Europeo y del Consejo<br \/>\nde 27 de abril de 2016 relativo a la protecci\u00f3n de las personas f\u00edsicas en lo que respecta a tratamiento de<br \/>\ndatos personales y a la libre circulaci\u00f3n de \u00e9stos datos, as\u00ed como en el resto de normativa vigente en<br \/>\nmateria de protecci\u00f3n de datos, el PROPIETARIO DE LA WEB le informa de lo siguiente:<\/p>\n<p>\u00bfQui\u00e9n es el responsable del tratamiento de sus datos?<br \/>\nEl responsable del tratamiento es el PROPIETARIO DE LA WEB cuyos datos identificativos se encuentran<br \/>\nen el punto 1 del AVISO LEGAL.<br \/>\n\u00bfCon que finalidad tratamos sus datos personales?<br \/>\nEl PROPIETARIO DE LA WEB tratar\u00e1 la informaci\u00f3n que facilite el usuario a trav\u00e9s del Sitio Web con el fin<br \/>\nde gestionar la prestaci\u00f3n de los servicios solicitados y la gesti\u00f3n administrativa derivada de los mismos,<br \/>\nas\u00ed como remitir peri\u00f3dicamente newsletters, comunicaciones comerciales sobre servicios, eventos y<br \/>\nnoticias relacionadas con la actividad profesional del PROPIETARIO DE LA WEB cuando el usuario lo<br \/>\nautorice, y para valorar la candidatura del usuario en el caso de que se recojan curriculums a trav\u00e9s de la<br \/>\nweb.<br \/>\n\u00bfDurante cu\u00e1nto tiempo se conservar\u00e1n sus datos?<br \/>\nLos datos personales se conservar\u00e1n mientras el usuario no solicite la supresi\u00f3n de los mismos y, en todo<br \/>\ncaso, durante los a\u00f1os necesarios para cumplir las obligaciones legales que establezca la normativa<br \/>\nvigente, o para hacer frente a las posibles responsabilidades que pudiesen surgir.<br \/>\n\u00bfCu\u00e1l es la legitimaci\u00f3n para el tratamiento de sus datos?<br \/>\nLa legitimaci\u00f3n del PROPIETARIO DE LA WEB para llevar a cabo el tratamiento de los datos de los<br \/>\nusuarios se basa en el consentimiento del interesado.<br \/>\n\u00bfA qu\u00e9 destinatarios se comunicar\u00e1n sus datos?<br \/>\nCon car\u00e1cter general los datos no ser\u00e1n cedidos a terceros, salvo que lo establezca la legislaci\u00f3n vigente.<br \/>\n\u00bfCu\u00e1les son los derechos del usuario?<br \/>\nEl usuario tiene derecho a obtener confirmaci\u00f3n sobre si el PROPIETARIO DE LA WEB est\u00e1 tratando datos<br \/>\npersonales que le conciernan o no. Tienen derecho a acceder a sus datos personales, as\u00ed como a solicitar<br \/>\nla rectificaci\u00f3n de los datos inexactos o, en su caso, solicitar la supresi\u00f3n cuando, entre otros motivos, los<br \/>\ndatos ya no sean necesarios para los fines que motivaron su recogida. En determinadas circunstancias el<br \/>\nusuario podr\u00e1 solicitar la limitaci\u00f3n del tratamiento de sus datos personales, en cuyo caso \u00fanicamente se<br \/>\nconservaran bloqueados para el ejercicio o la defensa en reclamaciones. En determinadas circunstancias<br \/>\ny por motivos relacionados con su situaci\u00f3n particular, los usuarios podr\u00e1n oponerse al tratamiento de<br \/>\nsus datos, en cuyo caso el PROPIETARIO DE LA WEB dejar\u00e1 de tratar sus datos, salvo por motivos<br \/>\nleg\u00edtimos imperiosos, o el ejercicio o defensa de posibles reclamaciones. Adem\u00e1s de los derechos<br \/>\nanteriores, el usuario tambi\u00e9n tendr\u00e1 el derecho a retirar el consentimiento y el derecho a presentar una<br \/>\nreclamaci\u00f3n ante la Autoridad de Control. Dispone de la informaci\u00f3n necesaria en www.agpd.es. Podr\u00e1<br \/>\nejercitar materialmente sus derechos aportando copia de su DNI o documento oficial que le identifique,<br \/>\nmediante el env\u00edo de un mail o por correo postal dirigi\u00e9ndose al PROPIETARIO DE LA WEB, cuyos datos<br \/>\nidentificativos se encuentran en el punto 1 del AVISO LEGAL.<br \/>\n\u00bfQu\u00e9 medidas de seguridad implantamos para proteger sus datos?<br \/>\nEl PROPIETARIO DE LA WEB tratar\u00e1 los datos del Usuario en todo momento de forma absolutamente<br \/>\nconfidencial y guardando el preceptivo deber de secreto respecto de los mismos, de conformidad con lo<br \/>\nprevisto en la normativa de aplicaci\u00f3n, adoptando al efecto las medidas de \u00edndole t\u00e9cnica y organizativas<br \/>\nnecesarias que garanticen la seguridad de sus datos y eviten su alteraci\u00f3n, p\u00e9rdida, tratamiento o acceso<br \/>\nno autorizado, habida cuenta del estado de la tecnolog\u00eda, la naturaleza de los datos almacenados y los<br \/>\nriesgos a que est\u00e1n expuestos.<\/p>","protected":false},"excerpt":{"rendered":"<p>Aviso legal y Pol\u00edtica de Privacidad AVISO LEGAL 1. DATOS IDENTIFICATIVOS: En cumplimiento con el deber de informaci\u00f3n recogido en art\u00edculo 10 de la Ley 34\/2002, de 11 de julio, de Servicios de la Sociedad de la Informaci\u00f3n y del Comercio Electr\u00f3nico (LSSICE), el PROPIETARIO DE LA WEB, le informa de lo siguiente: \uf0b7 Denominaci\u00f3n &#8230; <a title=\"Aviso legal\" class=\"read-more\" href=\"https:\/\/mariacuadradodental.com\/en\/aviso-legal\/\" aria-label=\"Read more about Aviso legal\">Read more<\/a><\/p>","protected":false},"author":1,"featured_media":0,"parent":0,"menu_order":0,"comment_status":"closed","ping_status":"closed","template":"","meta":{"footnotes":""},"class_list":["post-9938","page","type-page","status-publish"],"yoast_head":"<!-- This site is optimized with the Yoast SEO plugin v27.3 - https:\/\/yoast.com\/product\/yoast-seo-wordpress\/ -->\n<title>Aviso legal | Mar\u00eda Cuadrado<\/title>\n<meta name=\"robots\" content=\"index, follow, max-snippet:-1, max-image-preview:large, max-video-preview:-1\" \/>\n<link rel=\"canonical\" href=\"https:\/\/mariacuadradodental.com\/en\/aviso-legal\/\" \/>\n<meta property=\"og:locale\" content=\"en_GB\" \/>\n<meta property=\"og:type\" content=\"article\" \/>\n<meta property=\"og:title\" content=\"Aviso legal | Mar\u00eda Cuadrado\" \/>\n<meta property=\"og:description\" content=\"Aviso legal y Pol\u00edtica de Privacidad AVISO LEGAL 1. DATOS IDENTIFICATIVOS: En cumplimiento con el deber de informaci\u00f3n recogido en art\u00edculo 10 de la Ley 34\/2002, de 11 de julio, de Servicios de la Sociedad de la Informaci\u00f3n y del Comercio Electr\u00f3nico (LSSICE), el PROPIETARIO DE LA WEB, le informa de lo siguiente: \uf0b7 Denominaci\u00f3n ... Read more\" \/>\n<meta property=\"og:url\" content=\"https:\/\/mariacuadradodental.com\/en\/aviso-legal\/\" \/>\n<meta property=\"og:site_name\" content=\"Mar\u00eda Cuadrado\" \/>\n<meta property=\"article:publisher\" content=\"https:\/\/www.facebook.com\/dentalmariacuadrado\/\" \/>\n<meta name=\"twitter:card\" content=\"summary_large_image\" \/>\n<meta name=\"twitter:label1\" content=\"Estimated reading time\" \/>\n\t<meta name=\"twitter:data1\" content=\"8 minutes\" \/>\n<script type=\"application\/ld+json\" class=\"yoast-schema-graph\">{\"@context\":\"https:\\\/\\\/schema.org\",\"@graph\":[{\"@type\":\"WebPage\",\"@id\":\"https:\\\/\\\/mariacuadradodental.com\\\/aviso-legal\\\/\",\"url\":\"https:\\\/\\\/mariacuadradodental.com\\\/aviso-legal\\\/\",\"name\":\"Aviso legal | Mar\u00eda Cuadrado\",\"isPartOf\":{\"@id\":\"https:\\\/\\\/mariacuadradodental.com\\\/#website\"},\"datePublished\":\"2021-11-16T14:37:07+00:00\",\"breadcrumb\":{\"@id\":\"https:\\\/\\\/mariacuadradodental.com\\\/aviso-legal\\\/#breadcrumb\"},\"inLanguage\":\"en-GB\",\"potentialAction\":[{\"@type\":\"ReadAction\",\"target\":[\"https:\\\/\\\/mariacuadradodental.com\\\/aviso-legal\\\/\"]}]},{\"@type\":\"BreadcrumbList\",\"@id\":\"https:\\\/\\\/mariacuadradodental.com\\\/aviso-legal\\\/#breadcrumb\",\"itemListElement\":[{\"@type\":\"ListItem\",\"position\":1,\"name\":\"Portada\",\"item\":\"https:\\\/\\\/mariacuadradodental.com\\\/\"},{\"@type\":\"ListItem\",\"position\":2,\"name\":\"Aviso legal\"}]},{\"@type\":\"WebSite\",\"@id\":\"https:\\\/\\\/mariacuadradodental.com\\\/#website\",\"url\":\"https:\\\/\\\/mariacuadradodental.com\\\/\",\"name\":\"Mar\u00eda Cuadrado\",\"description\":\"Cl\u00ednica Dental\",\"publisher\":{\"@id\":\"https:\\\/\\\/mariacuadradodental.com\\\/#organization\"},\"potentialAction\":[{\"@type\":\"SearchAction\",\"target\":{\"@type\":\"EntryPoint\",\"urlTemplate\":\"https:\\\/\\\/mariacuadradodental.com\\\/?s={search_term_string}\"},\"query-input\":{\"@type\":\"PropertyValueSpecification\",\"valueRequired\":true,\"valueName\":\"search_term_string\"}}],\"inLanguage\":\"en-GB\"},{\"@type\":\"Organization\",\"@id\":\"https:\\\/\\\/mariacuadradodental.com\\\/#organization\",\"name\":\"Cl\u00ednica Dental Algorfa - Mar\u00eda Cuadrado\",\"url\":\"https:\\\/\\\/mariacuadradodental.com\\\/\",\"logo\":{\"@type\":\"ImageObject\",\"inLanguage\":\"en-GB\",\"@id\":\"https:\\\/\\\/mariacuadradodental.com\\\/#\\\/schema\\\/logo\\\/image\\\/\",\"url\":\"https:\\\/\\\/mariacuadradodental.com\\\/wp-content\\\/uploads\\\/2026\\\/04\\\/cropped-mas-de-20-anos-de-experiencia-2.webp\",\"contentUrl\":\"https:\\\/\\\/mariacuadradodental.com\\\/wp-content\\\/uploads\\\/2026\\\/04\\\/cropped-mas-de-20-anos-de-experiencia-2.webp\",\"width\":833,\"height\":315,\"caption\":\"Cl\u00ednica Dental Algorfa - Mar\u00eda Cuadrado\"},\"image\":{\"@id\":\"https:\\\/\\\/mariacuadradodental.com\\\/#\\\/schema\\\/logo\\\/image\\\/\"},\"sameAs\":[\"https:\\\/\\\/www.facebook.com\\\/dentalmariacuadrado\\\/\"]}]}<\/script>\n<!-- \/ Yoast SEO plugin. -->","yoast_head_json":{"title":"Aviso legal | Mar\u00eda Cuadrado","robots":{"index":"index","follow":"follow","max-snippet":"max-snippet:-1","max-image-preview":"max-image-preview:large","max-video-preview":"max-video-preview:-1"},"canonical":"https:\/\/mariacuadradodental.com\/en\/aviso-legal\/","og_locale":"en_GB","og_type":"article","og_title":"Aviso legal | Mar\u00eda Cuadrado","og_description":"Aviso legal y Pol\u00edtica de Privacidad AVISO LEGAL 1. DATOS IDENTIFICATIVOS: En cumplimiento con el deber de informaci\u00f3n recogido en art\u00edculo 10 de la Ley 34\/2002, de 11 de julio, de Servicios de la Sociedad de la Informaci\u00f3n y del Comercio Electr\u00f3nico (LSSICE), el PROPIETARIO DE LA WEB, le informa de lo siguiente: \uf0b7 Denominaci\u00f3n ... Read more","og_url":"https:\/\/mariacuadradodental.com\/en\/aviso-legal\/","og_site_name":"Mar\u00eda Cuadrado","article_publisher":"https:\/\/www.facebook.com\/dentalmariacuadrado\/","twitter_card":"summary_large_image","twitter_misc":{"Estimated reading time":"8 minutes"},"schema":{"@context":"https:\/\/schema.org","@graph":[{"@type":"WebPage","@id":"https:\/\/mariacuadradodental.com\/aviso-legal\/","url":"https:\/\/mariacuadradodental.com\/aviso-legal\/","name":"Aviso legal | Mar\u00eda Cuadrado","isPartOf":{"@id":"https:\/\/mariacuadradodental.com\/#website"},"datePublished":"2021-11-16T14:37:07+00:00","breadcrumb":{"@id":"https:\/\/mariacuadradodental.com\/aviso-legal\/#breadcrumb"},"inLanguage":"en-GB","potentialAction":[{"@type":"ReadAction","target":["https:\/\/mariacuadradodental.com\/aviso-legal\/"]}]},{"@type":"BreadcrumbList","@id":"https:\/\/mariacuadradodental.com\/aviso-legal\/#breadcrumb","itemListElement":[{"@type":"ListItem","position":1,"name":"Portada","item":"https:\/\/mariacuadradodental.com\/"},{"@type":"ListItem","position":2,"name":"Aviso legal"}]},{"@type":"WebSite","@id":"https:\/\/mariacuadradodental.com\/#website","url":"https:\/\/mariacuadradodental.com\/","name":"Mar\u00eda Cuadrado","description":"Cl\u00ednica Dental","publisher":{"@id":"https:\/\/mariacuadradodental.com\/#organization"},"potentialAction":[{"@type":"SearchAction","target":{"@type":"EntryPoint","urlTemplate":"https:\/\/mariacuadradodental.com\/?s={search_term_string}"},"query-input":{"@type":"PropertyValueSpecification","valueRequired":true,"valueName":"search_term_string"}}],"inLanguage":"en-GB"},{"@type":"Organization","@id":"https:\/\/mariacuadradodental.com\/#organization","name":"Cl\u00ednica Dental Algorfa - Mar\u00eda Cuadrado","url":"https:\/\/mariacuadradodental.com\/","logo":{"@type":"ImageObject","inLanguage":"en-GB","@id":"https:\/\/mariacuadradodental.com\/#\/schema\/logo\/image\/","url":"https:\/\/mariacuadradodental.com\/wp-content\/uploads\/2026\/04\/cropped-mas-de-20-anos-de-experiencia-2.webp","contentUrl":"https:\/\/mariacuadradodental.com\/wp-content\/uploads\/2026\/04\/cropped-mas-de-20-anos-de-experiencia-2.webp","width":833,"height":315,"caption":"Cl\u00ednica Dental Algorfa - Mar\u00eda Cuadrado"},"image":{"@id":"https:\/\/mariacuadradodental.com\/#\/schema\/logo\/image\/"},"sameAs":["https:\/\/www.facebook.com\/dentalmariacuadrado\/"]}]}},"_links":{"self":[{"href":"https:\/\/mariacuadradodental.com\/en\/wp-json\/wp\/v2\/pages\/9938","targetHints":{"allow":["GET"]}}],"collection":[{"href":"https:\/\/mariacuadradodental.com\/en\/wp-json\/wp\/v2\/pages"}],"about":[{"href":"https:\/\/mariacuadradodental.com\/en\/wp-json\/wp\/v2\/types\/page"}],"author":[{"embeddable":true,"href":"https:\/\/mariacuadradodental.com\/en\/wp-json\/wp\/v2\/users\/1"}],"replies":[{"embeddable":true,"href":"https:\/\/mariacuadradodental.com\/en\/wp-json\/wp\/v2\/comments?post=9938"}],"version-history":[{"count":1,"href":"https:\/\/mariacuadradodental.com\/en\/wp-json\/wp\/v2\/pages\/9938\/revisions"}],"predecessor-version":[{"id":9939,"href":"https:\/\/mariacuadradodental.com\/en\/wp-json\/wp\/v2\/pages\/9938\/revisions\/9939"}],"wp:attachment":[{"href":"https:\/\/mariacuadradodental.com\/en\/wp-json\/wp\/v2\/media?parent=9938"}],"curies":[{"name":"wp","href":"https:\/\/api.w.org\/{rel}","templated":true}]}}